{"id":38,"date":"2022-12-28T12:13:09","date_gmt":"2022-12-28T12:13:09","guid":{"rendered":"https:\/\/amsterdam-stag-do.com\/?page_id=38"},"modified":"2026-02-24T11:38:52","modified_gmt":"2026-02-24T11:38:52","slug":"uber-uns","status":"publish","type":"page","link":"https:\/\/amsterdam-stag-do.com\/de\/uber-uns\/","title":{"rendered":"\u00dcber uns"},"content":{"rendered":"<p>Mein Team kann <strong>helfen Ihnen bei der Planung des perfekten Junggesellenwochenendes<\/strong> in Amsterdam und sorgen daf\u00fcr, dass Sie und Ihre Freunde ein unvergessliches und stressfreies Erlebnis haben. Wir verstehen, dass die Organisation einer Reise \u00fcberw\u00e4ltigend sein kann, besonders bei einem Junggesellenabschied. Aber mit unserer Hilfe k\u00f6nnen Sie sicher sein, dass alles so sein wird, wie es sein sollte.<\/p>\n\n\n\n<p>Wir setzen uns daf\u00fcr ein, dass alles reibungslos abl\u00e4uft und Sie die bestm\u00f6gliche Zeit haben. Wir werden Ihnen helfen <strong>h\u00e4ufige Fallstricke vermeiden<\/strong>So kann man beispielsweise eine Unterkunft buchen, die zu weit von den Aktivit\u00e4ten entfernt ist, zu viel Geld f\u00fcr Aktivit\u00e4ten ausgeben oder etwas planen, das nach einer durchzechten Nacht einen klaren Kopf erfordert.<\/p>\n\n\n\n<p>Wenn Sie es uns \u00fcberlassen, die Details zu regeln und eine sorgf\u00e4ltig geplante Reiseroute zu erstellen, k\u00f6nnen Sie sich auf das Feiern konzentrieren und <strong>eine gute Zeit mit deinen Freunden zu haben<\/strong> stattdessen. Vertrauen Sie uns, damit Ihr Junggesellenabschied in Amsterdam zu einem unvergesslichen und stressfreien Erlebnis wird.<\/p>\n\n\n\n<h2 class=\"wp-block-heading\">Professionelle Junggesellenabschiede mit langj\u00e4hriger Erfahrung<\/h2>\n\n\n\n<p><strong>Seit 2015<\/strong>Wir haben schon unz\u00e4hligen M\u00e4nnern geholfen, ihren Junggesellenabschied mit unvergesslichen Erinnerungen zu feiern. Als finanziell abgesichertes Reiseunternehmen k\u00f6nnen Sie darauf vertrauen, dass Ihr Geld bei uns sicher ist.<\/p>\n\n\n\n<p>Unser<strong> anpassbare Buchungsoptionen<\/strong> machen es einfach, das perfekte Junggesellenwochenende in Amsterdam effizient zu planen. Au\u00dferdem k\u00fcmmern wir uns um alle Details, um sicherzustellen, dass Ihr Erlebnis stressfrei und angenehm ist. So k\u00f6nnen Sie Ihre Energie f\u00fcr den ultimativen Junggesellenabschied sparen.<\/p>\n\n\n\n<p>Amsterdam ist eine pulsierende Stadt mit reichen <strong>Kultur, Geschichte und ein aufregendes Nachtleben<\/strong>. Es ist das perfekte Reiseziel, um die letzte Nacht in Freiheit mit Freunden zu feiern. Egal, ob Sie in die Clubs gehen, durch das Rotlichtviertel schlendern oder die atemberaubenden Wahrzeichen und die Architektur der Stadt erkunden m\u00f6chten - Amsterdam hat f\u00fcr jeden etwas zu bieten.<\/p>\n\n\n\n<p>Wir sind stolz darauf, hervorragenden Service zu bieten <strong>erschwingliche Preise<\/strong> und haben enge Beziehungen zu unseren <strong>verl\u00e4sslicher Partner<\/strong> <strong>Unternehmen<\/strong> in Amsterdam. Sie wurden sorgf\u00e4ltig ausgew\u00e4hlt, weil sie mit unseren Werten \u00fcbereinstimmen und einen erstklassigen Service bieten.<\/p>\n\n\n\n<h2 class=\"wp-block-heading\">Die Zeit f\u00fcr Ihren Amsterdamer Junggesellenabschied ist fast da!<\/h2>\n\n\n\n<p>Wir in unserem Unternehmen wissen, dass jede Gruppe von Jungs einzigartig ist. Daher verfolgen wir einen pers\u00f6nlichen Ansatz bei der Planung Ihres Junggesellenabschieds in Prag. Indem wir Sie und Ihre spezifischen Interessen und Vorlieben kennenlernen, k\u00f6nnen wir ein <strong>Individuelles und unvergessliches Erlebnis<\/strong> der wirklich auf Ihre Bed\u00fcrfnisse eingeht.<\/p>\n\n\n\n<p>Egal, ob Sie ein wildes Partywochenende oder eine entspannte Feier planen, wir helfen Ihnen bei der Planung des perfekten Junggesellenabschieds in Prag. Wir sind <strong>24\/7 verf\u00fcgbar, um Sie zu unterst\u00fctzen<\/strong> mit allen Fragen und Problemen, die auftauchen k\u00f6nnen, und unser Fachwissen und unsere Ortskenntnisse k\u00f6nnen <strong>sparen Sie Geld und Zeit<\/strong> durch Vermeidung kostspieliger Fehler und schlecht geplanter Reiserouten.<\/p>\n\n\n\n<p>Z\u00f6gern Sie nicht - Sie sind nur ein <a __bud_processed=\"\" href=\"https:\/\/amsterdam-stag-do.com\/de\/anfrage\/\">Anfrageformular<\/a> vom ultimativen Junggesellenabschied in Amsterdam entfernt.<\/p>\n\n\n\n<p>Finden Sie heraus, wo Sie sonst noch mit uns auf einen Junggesellenabschied gehen k\u00f6nnen:<\/p>\n\n\n\n<ul class=\"wp-block-list\">\n<li><a href=\"https:\/\/berlin-stag-do.com\/\">Berlin Junggesellenabschied<\/a><\/li>\n\n\n\n<li><a href=\"https:\/\/hamburgstagdo.com\/\">Hamburger Junggesellenabschied<\/a><\/li>\n\n\n\n<li><a href=\"https:\/\/hvarstagdo.com\/\">Hvar Junggesellenabschied<\/a><\/li>\n\n\n\n<li><a href=\"https:\/\/lisbonstagdo.com\/\">Lissabon Junggesellenabschied<\/a><\/li>\n\n\n\n<li><a href=\"https:\/\/munichstagdo.com\/\">M\u00fcnchener Junggesellenabschied<\/a><\/li>\n\n\n\n<li><a href=\"https:\/\/prague-stag-do.com\/\">Prag Junggesellenabschied<\/a><\/li>\n\n\n\n<li><a href=\"https:\/\/riga-stag-do.com\/\">Rigaer Junggesellenabschied<\/a><\/li>\n\n\n\n<li><a href=\"https:\/\/stagpartyljubljana.com\/\">Junggesellenabschied Ljubljana<\/a><\/li>\n\n\n\n<li><a href=\"https:\/\/ibizastagdo.com\">Ibiza Junggesellenabschied<\/a><\/li>\n\n\n\n<li><a href=\"https:\/\/benidorm-stag-do.com\/\">Benidorm Junggesellenabschied<\/a><\/li>\n\n\n\n<li><a href=\"https:\/\/budapest-stag-do.com\/\">Budapest Junggesellenabschied<\/a><\/li>\n\n\n\n<li><a href=\"https:\/\/stagdovegas.com\/\">Junggesellenabschied Vegas<\/a><\/li>\n\n\n\n<li><a href=\"https:\/\/stagdobarcelona.com\/\">Junggesellenabschied Barcelona<\/a><\/li>\n\n\n\n<li><a href=\"https:\/\/stagdozagreb.com\/\">Junggesellenabschied Zagreb<\/a><\/li>\n\n\n\n<li><a href=\"https:\/\/splitstagdo.com\/\">Split Junggesellenabschied<\/a><\/li>\n\n\n\n<li><a href=\"https:\/\/dubrovnikstagdo.com\/\">Dubrovnik Junggesellenabschied<\/a><\/li>\n\n\n\n<li><a href=\"https:\/\/madridstagdo.com\/\">Madrid Junggesellenabschied<\/a><\/li>\n\n\n\n<li><a href=\"https:\/\/bucharest-stag-do.com\/\">Bukarest Junggesellenabschied<\/a><\/li>\n\n\n\n<li><a href=\"https:\/\/albufeirastagdo.com\/\">Albufeira Junggesellenabschied<\/a><\/li>\n\n\n\n<li><a href=\"https:\/\/dublinstagdo.com\/\">Dublin Junggesellenabschied<\/a><\/li>\n\n\n\n<li><a href=\"https:\/\/stagdokrakow.com\/\">Krakau Junggesellenabschied<\/a><\/li>\n<\/ul>\n\n\n\n<p><\/p>","protected":false},"excerpt":{"rendered":"<p>Mein Team kann Ihnen bei der Planung des perfekten Junggesellenabschieds in Amsterdam helfen und sicherstellen, dass Sie und Ihre Freunde ein unvergessliches und stressfreies Erlebnis haben. Wir verstehen, dass die Organisation einer Reise \u00fcberw\u00e4ltigend sein kann, besonders bei einem Junggesellenabschied. Aber mit unserer Hilfe k\u00f6nnen Sie sicher sein, dass alles so l\u00e4uft, wie es laufen soll. Wir ... <a href=\"https:\/\/amsterdam-stag-do.com\/de\/uber-uns\/\">Fortsetzung<\/a><\/p>","protected":false},"author":38,"featured_media":271,"parent":0,"menu_order":0,"comment_status":"closed","ping_status":"closed","template":"","meta":{"_acf_changed":false,"footnotes":""},"class_list":["post-38","page","type-page","status-publish","has-post-thumbnail","hentry"],"acf":{"page_subheading":"Allow us to assist in planning the ultimate stag do in Amsterdam and let us help you celebrate this special occasion without any stress over the organization."},"_links":{"self":[{"href":"https:\/\/amsterdam-stag-do.com\/de\/wp-json\/wp\/v2\/pages\/38","targetHints":{"allow":["GET"]}}],"collection":[{"href":"https:\/\/amsterdam-stag-do.com\/de\/wp-json\/wp\/v2\/pages"}],"about":[{"href":"https:\/\/amsterdam-stag-do.com\/de\/wp-json\/wp\/v2\/types\/page"}],"author":[{"embeddable":true,"href":"https:\/\/amsterdam-stag-do.com\/de\/wp-json\/wp\/v2\/users\/38"}],"replies":[{"embeddable":true,"href":"https:\/\/amsterdam-stag-do.com\/de\/wp-json\/wp\/v2\/comments?post=38"}],"version-history":[{"count":17,"href":"https:\/\/amsterdam-stag-do.com\/de\/wp-json\/wp\/v2\/pages\/38\/revisions"}],"predecessor-version":[{"id":18930,"href":"https:\/\/amsterdam-stag-do.com\/de\/wp-json\/wp\/v2\/pages\/38\/revisions\/18930"}],"wp:featuredmedia":[{"embeddable":true,"href":"https:\/\/amsterdam-stag-do.com\/de\/wp-json\/wp\/v2\/media\/271"}],"wp:attachment":[{"href":"https:\/\/amsterdam-stag-do.com\/de\/wp-json\/wp\/v2\/media?parent=38"}],"curies":[{"name":"wp","href":"https:\/\/api.w.org\/{rel}","templated":true}]}}