{"id":44,"date":"2022-12-28T12:14:27","date_gmt":"2022-12-28T12:14:27","guid":{"rendered":"https:\/\/amsterdam-stag-do.com\/?page_id=44"},"modified":"2023-01-04T10:52:12","modified_gmt":"2023-01-04T10:52:12","slug":"uber-amsterdam","status":"publish","type":"page","link":"https:\/\/amsterdam-stag-do.com\/de\/uber-amsterdam\/","title":{"rendered":"\u00dcber Amsterdam"},"content":{"rendered":"<p>Amsterdam ist der <strong>Hauptstadt und gr\u00f6\u00dfte Stadt der Niederlande<\/strong>Die Stadt liegt im westlichen Teil des Landes. Sie ist bekannt f\u00fcr ihre <strong>reiche Geschichte, sch\u00f6ne Architektur und lebendige Kultur<\/strong>. Die Stadt beherbergt zahlreiche Museen, darunter das weltber\u00fchmte Rijksmuseum und das Van-Gogh-Museum, sowie malerische Grachten, charmante Stra\u00dfen und malerische Parks.<\/p>\n\n\n\n<h2 class=\"wp-block-heading\">Amsterdams Nachtleben<\/h2>\n\n\n\n<p>Eines der auff\u00e4lligsten Merkmale von Amsterdam ist sein Nachtleben. Die Stadt ist bekannt f\u00fcr ihre <strong>lebendige Partyszene<\/strong>Mit zahlreichen Clubs und Bars, die die Stra\u00dfen schm\u00fccken.&nbsp;<\/p>\n\n\n\n<p>Die ber\u00fchmte <strong>Rotlichtviertel<\/strong> ist mit seinen ber\u00fchmten Fenstern und der legalen Prostitution ein Muss f\u00fcr jeden Besucher. Aber die Amsterdamer Partyszene h\u00f6rt hier nicht auf. Die <strong>Leidseplein<\/strong> und <strong>Rembrandtplein<\/strong> In den Stadtvierteln befinden sich einige der besten Clubs und Bars der Stadt, in denen Sie die Nacht durchtanzen und eine gro\u00dfe Auswahl an Getr\u00e4nken und Musik genie\u00dfen k\u00f6nnen.<\/p>\n\n\n\n<p>Einige der beliebtesten Reiseziele sind <strong>Paradiso<\/strong>ein legend\u00e4res Musikzentrum, in dem schon einige der gr\u00f6\u00dften Namen der Musikszene zu Gast waren, und das <strong>Melkweg<\/strong>ein multifunktionales Kulturzentrum, in dem Konzerte, Ausstellungen und Veranstaltungen stattfinden.<\/p>\n\n\n\n<p>Neben den ber\u00fchmten Clubs und Bars hat Amsterdam auch eine bl\u00fchende Caf\u00e9-Kultur, mit vielen <strong>Kaffeeh\u00e4user<\/strong> mit k\u00f6stlichem Kaffee und Geb\u00e4ck. Die Stadt beherbergt auch eine Reihe hervorragender Restaurants, die eine gro\u00dfe Auswahl an internationalen Gerichten anbieten.<\/p>\n\n\n\n<figure class=\"wp-block-image size-large\"><img loading=\"lazy\" decoding=\"async\" width=\"1024\" height=\"683\" src=\"https:\/\/amsterdam-stag-do.com\/wp-content\/uploads\/red-district-1024x683.webp\" alt=\"Rotlichtviertel\" class=\"wp-image-186\" srcset=\"https:\/\/amsterdam-stag-do.com\/wp-content\/uploads\/red-district-1024x683.webp 1024w, https:\/\/amsterdam-stag-do.com\/wp-content\/uploads\/red-district-300x200.webp 300w, https:\/\/amsterdam-stag-do.com\/wp-content\/uploads\/red-district-768x512.webp 768w, https:\/\/amsterdam-stag-do.com\/wp-content\/uploads\/red-district-1536x1024.webp 1536w, https:\/\/amsterdam-stag-do.com\/wp-content\/uploads\/red-district-18x12.webp 18w, https:\/\/amsterdam-stag-do.com\/wp-content\/uploads\/red-district.webp 1920w\" sizes=\"auto, (max-width: 1024px) 100vw, 1024px\" \/><figcaption class=\"wp-element-caption\">Rotlichtviertel<\/figcaption><\/figure>\n\n\n\n<h2 class=\"wp-block-heading\">Amsterdam ist eine der gastfreundlichsten St\u00e4dte in Europa<\/h2>\n\n\n\n<p>Was den Lebensstandard anbelangt, so gilt Amsterdam als eine der lebenswertesten St\u00e4dte der Welt. Die Stadt hat eine <strong>hohe Lebensqualit\u00e4t<\/strong> - eine starke Wirtschaft, ein gut ausgebautes \u00f6ffentliches Verkehrssystem und ein breites Angebot an Freizeitaktivit\u00e4ten und kulturellen Veranstaltungen. Die <strong>Einheimische sind freundlich<\/strong> und einladend, so dass sich die Besucher leicht wie zu Hause f\u00fchlen k\u00f6nnen.<\/p>\n\n\n\n<p>Insgesamt ist Amsterdam eine faszinierende Stadt, die viel zu bieten hat. Ob Sie sich f\u00fcr die reiche Geschichte und das pulsierende Nachtleben interessieren oder einfach nur die <strong>einzigartige Kultur<\/strong>In dieser dynamischen und aufregenden Stadt gibt es f\u00fcr jeden etwas.<\/p>\n\n\n\n<p>Wenn Sie Ihren Junggesellenabschied in Amsterdam feiern m\u00f6chten, <a href=\"https:\/\/amsterdam-stag-do.com\/de\/\">Amsterdam Junggesellenabschied<\/a> kann Sie mit allem versorgen, was Sie f\u00fcr ein solches Unterfangen ben\u00f6tigen.<\/p>\n\n\n\n<figure class=\"wp-block-image size-large\"><img decoding=\"async\" src=\"https:\/\/amsterdam-stag-do.com\/wp-content\/uploads\/I-am-amsterdam-1024x683.webp\" alt=\"I Amsterdam unterschreiben\" class=\"wp-image-155\"\/><figcaption class=\"wp-element-caption\">Hauptbahnhof in Amsterdam<\/figcaption><\/figure>","protected":false},"excerpt":{"rendered":"<p>Amsterdam ist die Hauptstadt und gr\u00f6\u00dfte Stadt der Niederlande und liegt im westlichen Teil des Landes. Sie ist bekannt f\u00fcr ihre reiche Geschichte, sch\u00f6ne Architektur und lebendige Kultur. Die Stadt beherbergt zahlreiche Museen, darunter das weltber\u00fchmte Rijksmuseum und das Van Gogh Museum, sowie malerische Grachten, charmante Stra\u00dfen und ... <a href=\"https:\/\/amsterdam-stag-do.com\/de\/uber-amsterdam\/\">Fortsetzung<\/a><\/p>","protected":false},"author":38,"featured_media":270,"parent":0,"menu_order":0,"comment_status":"closed","ping_status":"closed","template":"","meta":{"_acf_changed":false,"footnotes":""},"class_list":["post-44","page","type-page","status-publish","has-post-thumbnail","hentry"],"acf":{"page_subheading":"Most famous for legal prostitution and cannabis coffee shops in party circles, Amsterdam is a paradise for any stag do due to its unique blend of attractions."},"_links":{"self":[{"href":"https:\/\/amsterdam-stag-do.com\/de\/wp-json\/wp\/v2\/pages\/44","targetHints":{"allow":["GET"]}}],"collection":[{"href":"https:\/\/amsterdam-stag-do.com\/de\/wp-json\/wp\/v2\/pages"}],"about":[{"href":"https:\/\/amsterdam-stag-do.com\/de\/wp-json\/wp\/v2\/types\/page"}],"author":[{"embeddable":true,"href":"https:\/\/amsterdam-stag-do.com\/de\/wp-json\/wp\/v2\/users\/38"}],"replies":[{"embeddable":true,"href":"https:\/\/amsterdam-stag-do.com\/de\/wp-json\/wp\/v2\/comments?post=44"}],"version-history":[{"count":4,"href":"https:\/\/amsterdam-stag-do.com\/de\/wp-json\/wp\/v2\/pages\/44\/revisions"}],"predecessor-version":[{"id":428,"href":"https:\/\/amsterdam-stag-do.com\/de\/wp-json\/wp\/v2\/pages\/44\/revisions\/428"}],"wp:featuredmedia":[{"embeddable":true,"href":"https:\/\/amsterdam-stag-do.com\/de\/wp-json\/wp\/v2\/media\/270"}],"wp:attachment":[{"href":"https:\/\/amsterdam-stag-do.com\/de\/wp-json\/wp\/v2\/media?parent=44"}],"curies":[{"name":"wp","href":"https:\/\/api.w.org\/{rel}","templated":true}]}}