{"id":50,"date":"2022-12-28T12:14:59","date_gmt":"2022-12-28T12:14:59","guid":{"rendered":"https:\/\/amsterdam-stag-do.com\/?page_id=50"},"modified":"2023-01-04T11:00:20","modified_gmt":"2023-01-04T11:00:20","slug":"wie-man-nach-amsterdam-kommt","status":"publish","type":"page","link":"https:\/\/amsterdam-stag-do.com\/de\/wie-man-nach-amsterdam-kommt\/","title":{"rendered":"Wie man nach Amsterdam kommt"},"content":{"rendered":"<p>Amsterdam, die Hauptstadt der Niederlande, ist ein <strong>beliebtes Ziel f\u00fcr Touristen<\/strong> aus allen Teilen der Welt. Amsterdam liegt im westlichen Teil des Landes und ist mit verschiedenen Verkehrsmitteln leicht zu erreichen. Wenn Sie einen Junggesellenabschied in Amsterdam planen, finden Sie hier einige M\u00f6glichkeiten, um dorthin zu gelangen:<\/p>\n\n\n\n<h2 class=\"wp-block-heading\">Flugzeug<\/h2>\n\n\n\n<p>Amsterdam wird bedient von <strong>Flughafen Schiphol<\/strong>einem der verkehrsreichsten Flugh\u00e4fen in Europa. Der Flughafen ist nur eine kurze Strecke vom Stadtzentrum entfernt, und es gibt eine Reihe von M\u00f6glichkeiten, vom Flughafen in die Stadt zu gelangen. Sie k\u00f6nnen den Zug nehmen, der Sie in nur 15-20 Minuten ins Stadtzentrum bringt. Alternativ k\u00f6nnen Sie auch einen Bus oder ein Taxi nehmen, mit denen Sie das Stadtzentrum in etwa der gleichen Zeit erreichen.<\/p>\n\n\n\n<h2 class=\"wp-block-heading\">Zug<\/h2>\n\n\n\n<p>Amsterdam ist auch mit dem Zug gut mit anderen Teilen Europas verbunden. Wenn Sie aus einer anderen europ\u00e4ischen Stadt kommen, k\u00f6nnen Sie einfach den Zug nach Amsterdam nehmen. Die Stadt hat zwei Hauptbahnh\u00f6fe: <strong>Amsterdam Zentral<\/strong> und <strong>Amsterdam S\u00fcd<\/strong>. Beide Bahnh\u00f6fe befinden sich im Stadtzentrum und sind leicht zu Fu\u00df oder mit \u00f6ffentlichen Verkehrsmitteln zu erreichen.<\/p>\n\n\n\n<h2 class=\"wp-block-heading\">Bus<\/h2>\n\n\n\n<p>Eine weitere M\u00f6glichkeit ist die Fahrt mit dem Bus. Es gibt mehrere Busunternehmen, die regelm\u00e4\u00dfige Verbindungen von verschiedenen St\u00e4dten in Europa nach Amsterdam anbieten. Das kann eine kosteng\u00fcnstigere Option sein als ein Flug oder die Bahn. Wenn Sie mit dem Bus reisen, kommen Sie normalerweise am <strong>Amsterdam Sloterdijk<\/strong> Bahnhof, der etwas au\u00dferhalb des Stadtzentrums liegt und mit \u00f6ffentlichen Verkehrsmitteln leicht zu erreichen ist.<\/p>\n\n\n\n<h2 class=\"wp-block-heading\">Auto<\/h2>\n\n\n\n<p>Wenn Sie mit dem Auto nach Amsterdam fahren, k\u00f6nnen Sie die Stadt leicht mit dem Auto erreichen. Amsterdam ist mit dem Rest der Niederlande \u00fcber eine <strong>Fernstra\u00dfennetz<\/strong>und es gibt mehrere Parkh\u00e4user im Stadtzentrum, in denen Sie Ihr Auto abstellen k\u00f6nnen. Denken Sie daran, dass der Verkehr in Amsterdam vor allem zu den Hauptverkehrszeiten sehr dicht sein kann, so dass es am besten ist, zu diesen Zeiten nicht zu fahren.<\/p>\n\n\n\n<h2 class=\"wp-block-heading\">Du reist f\u00fcr einen Junggesellenabschied nach Amsterdam?<\/h2>\n\n\n\n<p>Unabh\u00e4ngig davon, wie Sie nach Amsterdam kommen, werden Sie feststellen, dass die Stadt <strong>leicht zu navigieren<\/strong> und hat viel zu bieten. Die Stadt ist gut angebunden und verf\u00fcgt \u00fcber ein gut organisiertes \u00f6ffentliches Verkehrssystem.<\/p>\n\n\n\n<p>Unter <a href=\"https:\/\/amsterdam-stag-do.com\/de\/\">Amsterdam Junggesellenabschied<\/a>Wir versorgen Sie mit allen notwendigen Informationen \u00fcber die Anreise nach Amsterdam f\u00fcr ein Wochenende mit ausschweifenden Junggesellenabschieden.<\/p>","protected":false},"excerpt":{"rendered":"<p>Amsterdam, die Hauptstadt der Niederlande, ist ein beliebtes Ziel f\u00fcr Touristen aus der ganzen Welt. Im westlichen Teil des Landes gelegen, ist Amsterdam mit verschiedenen Verkehrsmitteln leicht zu erreichen. Wenn du einen Junggesellenabschied in Amsterdam planst, findest du hier einige M\u00f6glichkeiten, um dorthin zu gelangen: Flugzeug Amsterdam ist ... <a href=\"https:\/\/amsterdam-stag-do.com\/de\/wie-man-nach-amsterdam-kommt\/\">Fortsetzung<\/a><\/p>","protected":false},"author":38,"featured_media":155,"parent":0,"menu_order":0,"comment_status":"closed","ping_status":"closed","template":"","meta":{"_acf_changed":false,"footnotes":""},"class_list":["post-50","page","type-page","status-publish","has-post-thumbnail","hentry"],"acf":{"page_subheading":"Here is a quick overview of the most convenient ways to get to Amsterdam with different means of transportation \u2014 by plane, train, bus, or car."},"_links":{"self":[{"href":"https:\/\/amsterdam-stag-do.com\/de\/wp-json\/wp\/v2\/pages\/50","targetHints":{"allow":["GET"]}}],"collection":[{"href":"https:\/\/amsterdam-stag-do.com\/de\/wp-json\/wp\/v2\/pages"}],"about":[{"href":"https:\/\/amsterdam-stag-do.com\/de\/wp-json\/wp\/v2\/types\/page"}],"author":[{"embeddable":true,"href":"https:\/\/amsterdam-stag-do.com\/de\/wp-json\/wp\/v2\/users\/38"}],"replies":[{"embeddable":true,"href":"https:\/\/amsterdam-stag-do.com\/de\/wp-json\/wp\/v2\/comments?post=50"}],"version-history":[{"count":3,"href":"https:\/\/amsterdam-stag-do.com\/de\/wp-json\/wp\/v2\/pages\/50\/revisions"}],"predecessor-version":[{"id":55,"href":"https:\/\/amsterdam-stag-do.com\/de\/wp-json\/wp\/v2\/pages\/50\/revisions\/55"}],"wp:featuredmedia":[{"embeddable":true,"href":"https:\/\/amsterdam-stag-do.com\/de\/wp-json\/wp\/v2\/media\/155"}],"wp:attachment":[{"href":"https:\/\/amsterdam-stag-do.com\/de\/wp-json\/wp\/v2\/media?parent=50"}],"curies":[{"name":"wp","href":"https:\/\/api.w.org\/{rel}","templated":true}]}}