{"id":38,"date":"2022-12-28T12:13:09","date_gmt":"2022-12-28T12:13:09","guid":{"rendered":"https:\/\/amsterdam-stag-do.com\/?page_id=38"},"modified":"2026-02-24T11:38:52","modified_gmt":"2026-02-24T11:38:52","slug":"acerca-de-nosotros","status":"publish","type":"page","link":"https:\/\/amsterdam-stag-do.com\/es\/acerca-de-nosotros\/","title":{"rendered":"Qui\u00e9nes somos"},"content":{"rendered":"<p>Mi equipo puede <strong>le ayudamos a planificar la despedida de soltero perfecta<\/strong> en \u00c1msterdam y asegurarse de que usted y sus amigos tengan una experiencia memorable y sin estr\u00e9s. Entendemos que organizar un viaje puede ser abrumador, especialmente una despedida de soltero. Pero con nuestra ayuda, puedes estar seguro de que todo saldr\u00e1 como debe.<\/p>\n\n\n\n<p>Nuestro objetivo es asegurarnos de que todo salga bien y de que se lo pase lo mejor posible. Le ayudaremos a <strong>evitar errores comunes<\/strong>Por ejemplo, reservar un alojamiento que est\u00e9 demasiado lejos de las actividades, gastar demasiado dinero en actividades o programar algo que requiera despejar la mente despu\u00e9s de una noche de mucho alcohol.<\/p>\n\n\n\n<p>Cuando nos permite ocuparnos de los detalles y crear un itinerario cuidadosamente planificado, puede centrarse en celebrar y <strong>pasarlo bien con los amigos<\/strong> en su lugar. Conf\u00ede en nosotros para hacer de su despedida de soltero en \u00c1msterdam una experiencia inolvidable y sin estr\u00e9s.<\/p>\n\n\n\n<h2 class=\"wp-block-heading\">Despedidas de soltero profesionales con a\u00f1os de experiencia<\/h2>\n\n\n\n<p><strong>Desde 2015<\/strong>Hemos ayudado a innumerables hombres a celebrar su despedida de soltero con recuerdos inolvidables. Como empresa de viajes con protecci\u00f3n financiera, puede confiar en que su dinero est\u00e1 seguro con nosotros.<\/p>\n\n\n\n<p>Nuestra<strong> opciones de reserva personalizables<\/strong> facilitan la planificaci\u00f3n eficaz de la despedida de soltero perfecta en \u00c1msterdam. Adem\u00e1s, nos ocuparemos de todos los detalles para asegurarnos de que su experiencia sea agradable y sin estr\u00e9s. Por lo tanto, puedes guardar tu energ\u00eda para la despedida de soltero definitiva.<\/p>\n\n\n\n<p>\u00c1msterdam es una ciudad vibrante con <strong>cultura, historia y una excitante vida nocturna<\/strong>. Es el destino perfecto para celebrar tu \u00faltima noche de libertad con tus amigos. Tanto si quieres ir de discotecas, pasear por el Barrio Rojo o explorar los impresionantes monumentos y la arquitectura de la ciudad, \u00c1msterdam tiene algo para todos los gustos.<\/p>\n\n\n\n<p>Estamos orgullosos de ofrecer un servicio excelente a <strong>precios asequibles<\/strong> y mantener s\u00f3lidas relaciones con nuestros <strong>socio de confianza<\/strong> <strong>empresas<\/strong> en \u00c1msterdam. Fueron elegidos cuidadosamente porque coinciden con nuestros valores y ofrecen un servicio de m\u00e1xima calidad.<\/p>\n\n\n\n<h2 class=\"wp-block-heading\">La despedida de soltero en \u00c1msterdam ya est\u00e1 aqu\u00ed.<\/h2>\n\n\n\n<p>En nuestra empresa sabemos que cada grupo de chicos es \u00fanico. Por ello, adoptamos un enfoque personalizado a la hora de planificar tu despedida de soltero en Praga. Al conocerle a usted y sus intereses y preferencias espec\u00edficas, podemos crear un plan a medida. <strong>experiencia personalizada e inolvidable<\/strong> que realmente se adapte a sus necesidades.<\/p>\n\n\n\n<p>Tanto si buscas un fin de semana de fiesta salvaje como una celebraci\u00f3n m\u00e1s relajada, estamos aqu\u00ed para ayudarte a planear la despedida de soltero perfecta en Praga. Somos <strong>disponible 24 horas al d\u00eda, 7 d\u00edas a la semana, para ayudarle<\/strong> con cualquier pregunta o problema que pueda surgir, y nuestra experiencia y conocimientos locales pueden <strong>ahorrar dinero y tiempo<\/strong> evitando errores costosos e itinerarios mal planificados.<\/p>\n\n\n\n<p>No lo dudes, eres s\u00f3lo un <a __bud_processed=\"\" href=\"https:\/\/amsterdam-stag-do.com\/es\/consulta\/\">formulario de consulta<\/a> de la despedida de soltero definitiva en \u00c1msterdam.<\/p>\n\n\n\n<p>Compruebe d\u00f3nde m\u00e1s puede ir de despedida de soltero con nosotros:<\/p>\n\n\n\n<ul class=\"wp-block-list\">\n<li><a href=\"https:\/\/berlin-stag-do.com\/\">Despedida de soltero en Berl\u00edn<\/a><\/li>\n\n\n\n<li><a href=\"https:\/\/hamburgstagdo.com\/\">Despedida de soltero en Hamburgo<\/a><\/li>\n\n\n\n<li><a href=\"https:\/\/hvarstagdo.com\/\">Despedida de soltero en Hvar<\/a><\/li>\n\n\n\n<li><a href=\"https:\/\/lisbonstagdo.com\/\">Despedida de soltero en Lisboa<\/a><\/li>\n\n\n\n<li><a href=\"https:\/\/munichstagdo.com\/\">Despedida de soltero en M\u00fanich<\/a><\/li>\n\n\n\n<li><a href=\"https:\/\/prague-stag-do.com\/\">Despedida de soltero en Praga<\/a><\/li>\n\n\n\n<li><a href=\"https:\/\/riga-stag-do.com\/\">Despedida de soltero en Riga<\/a><\/li>\n\n\n\n<li><a href=\"https:\/\/stagpartyljubljana.com\/\">Despedida de soltero Liubliana<\/a><\/li>\n\n\n\n<li><a href=\"https:\/\/ibizastagdo.com\">Despedida de soltero en Ibiza<\/a><\/li>\n\n\n\n<li><a href=\"https:\/\/benidorm-stag-do.com\/\">Benidorm Despedida de soltero<\/a><\/li>\n\n\n\n<li><a href=\"https:\/\/budapest-stag-do.com\/\">Despedida de soltero en Budapest<\/a><\/li>\n\n\n\n<li><a href=\"https:\/\/stagdovegas.com\/\">Despedida de soltero en Las Vegas<\/a><\/li>\n\n\n\n<li><a href=\"https:\/\/stagdobarcelona.com\/\">Despedida de soltero Barcelona<\/a><\/li>\n\n\n\n<li><a href=\"https:\/\/stagdozagreb.com\/\">Despedida de soltero Zagreb<\/a><\/li>\n\n\n\n<li><a href=\"https:\/\/splitstagdo.com\/\">Despedida de soltero en Split<\/a><\/li>\n\n\n\n<li><a href=\"https:\/\/dubrovnikstagdo.com\/\">Despedida de soltero en Dubrovnik<\/a><\/li>\n\n\n\n<li><a href=\"https:\/\/madridstagdo.com\/\">Despedida de soltero en Madrid<\/a><\/li>\n\n\n\n<li><a href=\"https:\/\/bucharest-stag-do.com\/\">Despedida de soltero en Bucarest<\/a><\/li>\n\n\n\n<li><a href=\"https:\/\/albufeirastagdo.com\/\">Despedida de soltero en Albufeira<\/a><\/li>\n\n\n\n<li><a href=\"https:\/\/dublinstagdo.com\/\">Despedida de soltero en Dubl\u00edn<\/a><\/li>\n\n\n\n<li><a href=\"https:\/\/stagdokrakow.com\/\">Despedida de soltero en Cracovia<\/a><\/li>\n<\/ul>\n\n\n\n<p><\/p>","protected":false},"excerpt":{"rendered":"<p>Mi equipo puede ayudarte a planificar la despedida de soltero perfecta en \u00c1msterdam y garantizar que t\u00fa y tus amigos viv\u00e1is una experiencia memorable y sin estr\u00e9s. Entendemos que organizar un viaje puede ser abrumador, especialmente una despedida de soltero. Pero con nuestra ayuda, puedes estar seguro de que todo saldr\u00e1 como debe. Nosotros ... <a href=\"https:\/\/amsterdam-stag-do.com\/es\/acerca-de-nosotros\/\">Contin\u00faa en<\/a><\/p>","protected":false},"author":38,"featured_media":271,"parent":0,"menu_order":0,"comment_status":"closed","ping_status":"closed","template":"","meta":{"_acf_changed":false,"footnotes":""},"class_list":["post-38","page","type-page","status-publish","has-post-thumbnail","hentry"],"acf":{"page_subheading":"Allow us to assist in planning the ultimate stag do in Amsterdam and let us help you celebrate this special occasion without any stress over the organization."},"_links":{"self":[{"href":"https:\/\/amsterdam-stag-do.com\/es\/wp-json\/wp\/v2\/pages\/38","targetHints":{"allow":["GET"]}}],"collection":[{"href":"https:\/\/amsterdam-stag-do.com\/es\/wp-json\/wp\/v2\/pages"}],"about":[{"href":"https:\/\/amsterdam-stag-do.com\/es\/wp-json\/wp\/v2\/types\/page"}],"author":[{"embeddable":true,"href":"https:\/\/amsterdam-stag-do.com\/es\/wp-json\/wp\/v2\/users\/38"}],"replies":[{"embeddable":true,"href":"https:\/\/amsterdam-stag-do.com\/es\/wp-json\/wp\/v2\/comments?post=38"}],"version-history":[{"count":17,"href":"https:\/\/amsterdam-stag-do.com\/es\/wp-json\/wp\/v2\/pages\/38\/revisions"}],"predecessor-version":[{"id":18930,"href":"https:\/\/amsterdam-stag-do.com\/es\/wp-json\/wp\/v2\/pages\/38\/revisions\/18930"}],"wp:featuredmedia":[{"embeddable":true,"href":"https:\/\/amsterdam-stag-do.com\/es\/wp-json\/wp\/v2\/media\/271"}],"wp:attachment":[{"href":"https:\/\/amsterdam-stag-do.com\/es\/wp-json\/wp\/v2\/media?parent=38"}],"curies":[{"name":"wp","href":"https:\/\/api.w.org\/{rel}","templated":true}]}}