{"id":44,"date":"2022-12-28T12:14:27","date_gmt":"2022-12-28T12:14:27","guid":{"rendered":"https:\/\/amsterdam-stag-do.com\/?page_id=44"},"modified":"2023-01-04T10:52:12","modified_gmt":"2023-01-04T10:52:12","slug":"sobre-amsterdam","status":"publish","type":"page","link":"https:\/\/amsterdam-stag-do.com\/es\/sobre-amsterdam\/","title":{"rendered":"Sobre \u00c1msterdam"},"content":{"rendered":"<p>\u00c1msterdam es el <strong>capital y ciudad m\u00e1s grande de los Pa\u00edses Bajos<\/strong>La capital de la Rep\u00fablica Democr\u00e1tica del Congo, situada en la parte occidental del pa\u00eds. Es conocida por su <strong>rica historia, bella arquitectura y vibrante cultura<\/strong>. La ciudad alberga numerosos museos, entre ellos el mundialmente conocido Rijksmuseum y el Museo Van Gogh, as\u00ed como pintorescos canales, encantadoras calles y pintorescos parques.<\/p>\n\n\n\n<h2 class=\"wp-block-heading\">La vida nocturna de \u00c1msterdam<\/h2>\n\n\n\n<p>Una de las caracter\u00edsticas m\u00e1s llamativas de \u00c1msterdam es su vida nocturna. La ciudad es conocida por su <strong>animado ambiente festivo<\/strong>con numerosas discotecas y bares que adornan las calles.&nbsp;<\/p>\n\n\n\n<p>El famoso <strong>Barrio Rojo<\/strong> es una visita obligada para cualquier visitante, con sus famosos escaparates y su prostituci\u00f3n legal. Pero la fiesta de \u00c1msterdam no acaba ah\u00ed. En <strong>Leidseplein<\/strong> y <strong>Rembrandtplein<\/strong> son el hogar de algunos de los mejores clubes y bares de la ciudad, donde se puede bailar toda la noche y disfrutar de una amplia gama de bebidas y m\u00fasica.<\/p>\n\n\n\n<p>Algunos de los destinos m\u00e1s populares son <strong>Paradiso<\/strong>un legendario local de m\u00fasica que ha acogido a algunos de los m\u00e1s grandes nombres de la m\u00fasica, y el <strong>Melkweg<\/strong>, un centro cultural multifuncional que acoge conciertos, exposiciones y eventos.<\/p>\n\n\n\n<p>Adem\u00e1s de sus famosos clubes y bares, \u00c1msterdam tambi\u00e9n cuenta con una pr\u00f3spera cultura de caf\u00e9s, con muchos <strong>cafeter\u00edas<\/strong> donde se sirven deliciosos caf\u00e9s y pasteles. La ciudad tambi\u00e9n alberga excelentes restaurantes que ofrecen una amplia variedad de cocinas internacionales.<\/p>\n\n\n\n<figure class=\"wp-block-image size-large\"><img loading=\"lazy\" decoding=\"async\" width=\"1024\" height=\"683\" src=\"https:\/\/amsterdam-stag-do.com\/wp-content\/uploads\/red-district-1024x683.webp\" alt=\"Barrio Rojo\" class=\"wp-image-186\" srcset=\"https:\/\/amsterdam-stag-do.com\/wp-content\/uploads\/red-district-1024x683.webp 1024w, https:\/\/amsterdam-stag-do.com\/wp-content\/uploads\/red-district-300x200.webp 300w, https:\/\/amsterdam-stag-do.com\/wp-content\/uploads\/red-district-768x512.webp 768w, https:\/\/amsterdam-stag-do.com\/wp-content\/uploads\/red-district-1536x1024.webp 1536w, https:\/\/amsterdam-stag-do.com\/wp-content\/uploads\/red-district-18x12.webp 18w, https:\/\/amsterdam-stag-do.com\/wp-content\/uploads\/red-district.webp 1920w\" sizes=\"auto, (max-width: 1024px) 100vw, 1024px\" \/><figcaption class=\"wp-element-caption\">Barrio Rojo<\/figcaption><\/figure>\n\n\n\n<h2 class=\"wp-block-heading\">\u00c1msterdam es una de las ciudades m\u00e1s acogedoras de Europa<\/h2>\n\n\n\n<p>En cuanto a nivel de vida, \u00c1msterdam est\u00e1 considerada una de las ciudades m\u00e1s habitables del mundo. La ciudad tiene un <strong>alta calidad de vida<\/strong> - una econom\u00eda fuerte, un sistema de transporte p\u00fablico bien desarrollado y una amplia oferta de actividades recreativas y culturales. En <strong>la gente es amable<\/strong> y acogedor, para que los visitantes se sientan como en casa.<\/p>\n\n\n\n<p>En general, \u00c1msterdam es una ciudad fascinante con mucho que ofrecer. Tanto si le interesa su rica historia y su vibrante vida nocturna como si simplemente quiere experimentar su <strong>cultura \u00fanica<\/strong>Hay algo para todos los gustos en esta ciudad din\u00e1mica y apasionante.<\/p>\n\n\n\n<p>Si quieres celebrar tu despedida de soltero en \u00c1msterdam, <a href=\"https:\/\/amsterdam-stag-do.com\/es\/\">Despedida de soltero en \u00c1msterdam<\/a> puede proporcionarle todo lo que necesita.<\/p>\n\n\n\n<figure class=\"wp-block-image size-large\"><img decoding=\"async\" src=\"https:\/\/amsterdam-stag-do.com\/wp-content\/uploads\/I-am-amsterdam-1024x683.webp\" alt=\"I Amsterdam firmar\" class=\"wp-image-155\"\/><figcaption class=\"wp-element-caption\">Estaci\u00f3n central de \u00c1msterdam<\/figcaption><\/figure>","protected":false},"excerpt":{"rendered":"<p>\u00c1msterdam es la capital y la ciudad m\u00e1s grande de los Pa\u00edses Bajos, situada en la parte occidental del pa\u00eds. Es conocida por su rica historia, su bella arquitectura y su vibrante cultura. La ciudad alberga numerosos museos, entre ellos el mundialmente conocido Rijksmuseum y el Museo Van Gogh, as\u00ed como pintorescos canales, encantadoras calles ... <a href=\"https:\/\/amsterdam-stag-do.com\/es\/sobre-amsterdam\/\">Contin\u00faa en<\/a><\/p>","protected":false},"author":38,"featured_media":270,"parent":0,"menu_order":0,"comment_status":"closed","ping_status":"closed","template":"","meta":{"_acf_changed":false,"footnotes":""},"class_list":["post-44","page","type-page","status-publish","has-post-thumbnail","hentry"],"acf":{"page_subheading":"Most famous for legal prostitution and cannabis coffee shops in party circles, Amsterdam is a paradise for any stag do due to its unique blend of attractions."},"_links":{"self":[{"href":"https:\/\/amsterdam-stag-do.com\/es\/wp-json\/wp\/v2\/pages\/44","targetHints":{"allow":["GET"]}}],"collection":[{"href":"https:\/\/amsterdam-stag-do.com\/es\/wp-json\/wp\/v2\/pages"}],"about":[{"href":"https:\/\/amsterdam-stag-do.com\/es\/wp-json\/wp\/v2\/types\/page"}],"author":[{"embeddable":true,"href":"https:\/\/amsterdam-stag-do.com\/es\/wp-json\/wp\/v2\/users\/38"}],"replies":[{"embeddable":true,"href":"https:\/\/amsterdam-stag-do.com\/es\/wp-json\/wp\/v2\/comments?post=44"}],"version-history":[{"count":4,"href":"https:\/\/amsterdam-stag-do.com\/es\/wp-json\/wp\/v2\/pages\/44\/revisions"}],"predecessor-version":[{"id":428,"href":"https:\/\/amsterdam-stag-do.com\/es\/wp-json\/wp\/v2\/pages\/44\/revisions\/428"}],"wp:featuredmedia":[{"embeddable":true,"href":"https:\/\/amsterdam-stag-do.com\/es\/wp-json\/wp\/v2\/media\/270"}],"wp:attachment":[{"href":"https:\/\/amsterdam-stag-do.com\/es\/wp-json\/wp\/v2\/media?parent=44"}],"curies":[{"name":"wp","href":"https:\/\/api.w.org\/{rel}","templated":true}]}}