{"id":50,"date":"2022-12-28T12:14:59","date_gmt":"2022-12-28T12:14:59","guid":{"rendered":"https:\/\/amsterdam-stag-do.com\/?page_id=50"},"modified":"2023-01-04T11:00:20","modified_gmt":"2023-01-04T11:00:20","slug":"como-llegar-a-amsterdam","status":"publish","type":"page","link":"https:\/\/amsterdam-stag-do.com\/es\/como-llegar-a-amsterdam\/","title":{"rendered":"C\u00f3mo llegar a \u00c1msterdam"},"content":{"rendered":"<p>\u00c1msterdam, la capital de los Pa\u00edses Bajos, es una <strong>destino popular entre los turistas<\/strong> de todo el mundo. Situada en la parte occidental del pa\u00eds, es f\u00e1cil llegar a \u00c1msterdam con diferentes medios de transporte. Si est\u00e1s planeando una despedida de soltero en \u00c1msterdam, aqu\u00ed tienes algunas opciones para llegar:<\/p>\n\n\n\n<h2 class=\"wp-block-heading\">Plano<\/h2>\n\n\n\n<p>\u00c1msterdam est\u00e1 servida por <strong>Aeropuerto de Schiphol<\/strong>uno de los aeropuertos m\u00e1s transitados de Europa. El aeropuerto est\u00e1 a poca distancia del centro de la ciudad, y hay varias opciones para llegar a la ciudad desde el aeropuerto. Puede tomar el tren, que le llevar\u00e1 al centro de la ciudad en s\u00f3lo 15-20 minutos. Tambi\u00e9n puede coger un autob\u00fas o un taxi, que le llevar\u00e1n al centro en aproximadamente el mismo tiempo.<\/p>\n\n\n\n<h2 class=\"wp-block-heading\">Tren<\/h2>\n\n\n\n<p>\u00c1msterdam tambi\u00e9n est\u00e1 bien comunicada por tren con otras partes de Europa. Si viene de otra ciudad europea, puede coger f\u00e1cilmente el tren a \u00c1msterdam. Cuenta con dos estaciones principales: <strong>Amsterdam Central<\/strong> y <strong>Amsterdam Sur<\/strong>. Ambas estaciones est\u00e1n situadas en el centro de la ciudad y es f\u00e1cil llegar a ellas a pie o en transporte p\u00fablico.<\/p>\n\n\n\n<h2 class=\"wp-block-heading\">Autob\u00fas<\/h2>\n\n\n\n<p>Otra opci\u00f3n es coger el autob\u00fas. Hay varias compa\u00f1\u00edas de autobuses que ofrecen un servicio regular a \u00c1msterdam desde varias ciudades de Europa. Puede ser una opci\u00f3n m\u00e1s econ\u00f3mica que volar o coger el tren. Si viaja en autob\u00fas, normalmente llegar\u00e1 al <strong>\u00c1msterdam Sloterdijk<\/strong> situada a las afueras del centro de la ciudad y de f\u00e1cil acceso en transporte p\u00fablico.<\/p>\n\n\n\n<h2 class=\"wp-block-heading\">Coche<\/h2>\n\n\n\n<p>Si viene a \u00c1msterdam en coche, puede llegar f\u00e1cilmente a la ciudad en coche. \u00c1msterdam est\u00e1 conectada con el resto de los Pa\u00edses Bajos por una <strong>red de carreteras<\/strong>En el centro de la ciudad hay varios aparcamientos donde dejar el coche. Ten en cuenta que el tr\u00e1fico en \u00c1msterdam puede ser denso, sobre todo en las horas punta, por lo que puede ser mejor evitar conducir durante estas horas.<\/p>\n\n\n\n<h2 class=\"wp-block-heading\">\u00bfViaja a \u00c1msterdam de despedida de soltero?<\/h2>\n\n\n\n<p>Independientemente de c\u00f3mo elija llegar a \u00c1msterdam, descubrir\u00e1 que la ciudad es <strong>f\u00e1cil de navegar<\/strong> y tiene mucho que ofrecer. La ciudad est\u00e1 bien comunicada y cuenta con un sistema de transporte p\u00fablico bien organizado.<\/p>\n\n\n\n<p>En <a href=\"https:\/\/amsterdam-stag-do.com\/es\/\">Despedida de soltero en \u00c1msterdam<\/a>te proporcionamos toda la informaci\u00f3n necesaria sobre c\u00f3mo llegar a \u00c1msterdam para pasar un fin de semana de desenfreno.<\/p>","protected":false},"excerpt":{"rendered":"<p>\u00c1msterdam, la capital de los Pa\u00edses Bajos, es un destino popular para turistas de todo el mundo. Situada en la parte occidental del pa\u00eds, es f\u00e1cil llegar a \u00c1msterdam con diferentes medios de transporte. Si est\u00e1s planeando una despedida de soltero en \u00c1msterdam, aqu\u00ed tienes algunas opciones para llegar: Avi\u00f3n \u00c1msterdam est\u00e1 ... <a href=\"https:\/\/amsterdam-stag-do.com\/es\/como-llegar-a-amsterdam\/\">Contin\u00faa en<\/a><\/p>","protected":false},"author":38,"featured_media":155,"parent":0,"menu_order":0,"comment_status":"closed","ping_status":"closed","template":"","meta":{"_acf_changed":false,"footnotes":""},"class_list":["post-50","page","type-page","status-publish","has-post-thumbnail","hentry"],"acf":{"page_subheading":"Here is a quick overview of the most convenient ways to get to Amsterdam with different means of transportation \u2014 by plane, train, bus, or car."},"_links":{"self":[{"href":"https:\/\/amsterdam-stag-do.com\/es\/wp-json\/wp\/v2\/pages\/50","targetHints":{"allow":["GET"]}}],"collection":[{"href":"https:\/\/amsterdam-stag-do.com\/es\/wp-json\/wp\/v2\/pages"}],"about":[{"href":"https:\/\/amsterdam-stag-do.com\/es\/wp-json\/wp\/v2\/types\/page"}],"author":[{"embeddable":true,"href":"https:\/\/amsterdam-stag-do.com\/es\/wp-json\/wp\/v2\/users\/38"}],"replies":[{"embeddable":true,"href":"https:\/\/amsterdam-stag-do.com\/es\/wp-json\/wp\/v2\/comments?post=50"}],"version-history":[{"count":3,"href":"https:\/\/amsterdam-stag-do.com\/es\/wp-json\/wp\/v2\/pages\/50\/revisions"}],"predecessor-version":[{"id":55,"href":"https:\/\/amsterdam-stag-do.com\/es\/wp-json\/wp\/v2\/pages\/50\/revisions\/55"}],"wp:featuredmedia":[{"embeddable":true,"href":"https:\/\/amsterdam-stag-do.com\/es\/wp-json\/wp\/v2\/media\/155"}],"wp:attachment":[{"href":"https:\/\/amsterdam-stag-do.com\/es\/wp-json\/wp\/v2\/media?parent=50"}],"curies":[{"name":"wp","href":"https:\/\/api.w.org\/{rel}","templated":true}]}}