{"id":38,"date":"2022-12-28T12:13:09","date_gmt":"2022-12-28T12:13:09","guid":{"rendered":"https:\/\/amsterdam-stag-do.com\/?page_id=38"},"modified":"2026-02-24T11:38:52","modified_gmt":"2026-02-24T11:38:52","slug":"a-propos-de-nous","status":"publish","type":"page","link":"https:\/\/amsterdam-stag-do.com\/fr\/a-propos-de-nous\/","title":{"rendered":"A propos de nous"},"content":{"rendered":"<p>Mon \u00e9quipe peut <strong>vous aider \u00e0 organiser le parfait week-end d'enterrement de vie de gar\u00e7on<\/strong> \u00e0 Amsterdam et veiller \u00e0 ce que vous et vos amis viviez une exp\u00e9rience m\u00e9morable et sans stress. Nous comprenons que l'organisation d'un voyage peut \u00eatre accablante, surtout pour un enterrement de vie de gar\u00e7on. Mais avec notre aide, vous pouvez \u00eatre s\u00fbr que tout se passera comme il se doit.<\/p>\n\n\n\n<p>Nous nous engageons \u00e0 faire en sorte que tout se passe bien et que vous passiez le meilleur moment possible. Nous vous aiderons \u00e0 <strong>\u00e9viter les pi\u00e8ges courants<\/strong>Vous pouvez par exemple r\u00e9server un h\u00e9bergement trop \u00e9loign\u00e9 des activit\u00e9s, d\u00e9penser trop d'argent pour les activit\u00e9s ou programmer une activit\u00e9 qui n\u00e9cessite d'avoir l'esprit clair apr\u00e8s une nuit de forte consommation d'alcool.<\/p>\n\n\n\n<p>Lorsque vous nous permettez de nous occuper des d\u00e9tails et de cr\u00e9er un itin\u00e9raire soigneusement planifi\u00e9, vous pouvez vous concentrer sur la f\u00eate et sur <strong>passer un bon moment avec vos amis<\/strong> \u00e0 la place. Faites-nous confiance pour faire de votre enterrement de vie de gar\u00e7on \u00e0 Amsterdam une exp\u00e9rience inoubliable et sans stress.<\/p>\n\n\n\n<h2 class=\"wp-block-heading\">Des professionnels de l'enterrement de vie de gar\u00e7on avec des ann\u00e9es d'exp\u00e9rience<\/h2>\n\n\n\n<p><strong>Depuis 2015<\/strong>Nous avons aid\u00e9 d'innombrables hommes \u00e0 c\u00e9l\u00e9brer leur enterrement de vie de gar\u00e7on avec des souvenirs inoubliables. En tant que soci\u00e9t\u00e9 de voyage financi\u00e8rement prot\u00e9g\u00e9e, vous pouvez \u00eatre s\u00fbr que votre argent est en s\u00e9curit\u00e9 avec nous.<\/p>\n\n\n\n<p>Notre site<strong> options de r\u00e9servation personnalisables<\/strong> vous permettent de planifier facilement et efficacement le parfait week-end d'enterrement de vie de gar\u00e7on \u00e0 Amsterdam. De plus, nous nous occuperons de tous les d\u00e9tails pour que votre exp\u00e9rience soit sans stress et agr\u00e9able. Vous pouvez donc garder votre \u00e9nergie pour l'ultime enterrement de vie de gar\u00e7on.<\/p>\n\n\n\n<p>Amsterdam est une ville dynamique avec de riches <strong>la culture, l'histoire et une vie nocturne passionnante<\/strong>. C'est la destination id\u00e9ale pour c\u00e9l\u00e9brer votre derni\u00e8re nuit de libert\u00e9 avec vos amis. Que vous souhaitiez aller dans les clubs, fl\u00e2ner dans le quartier rouge ou explorer les magnifiques monuments et l'architecture de la ville, Amsterdam a quelque chose \u00e0 offrir \u00e0 chacun.<\/p>\n\n\n\n<p>Nous sommes fiers d'offrir un excellent service \u00e0 <strong>des prix abordables<\/strong> et avoir de solides relations avec nos <strong>partenaire de confiance<\/strong> <strong>entreprises<\/strong> \u00e0 Amsterdam. Elles ont \u00e9t\u00e9 soigneusement choisies parce qu'elles s'alignent sur nos valeurs et fournissent un service de qualit\u00e9 sup\u00e9rieure.<\/p>\n\n\n\n<h2 class=\"wp-block-heading\">L'heure de votre enterrement de vie de gar\u00e7on \u00e0 Amsterdam est presque arriv\u00e9e !<\/h2>\n\n\n\n<p>Chez nous, nous savons que chaque groupe d'hommes est unique. C'est pourquoi nous adoptons une approche personnalis\u00e9e pour organiser votre week-end d'enterrement de vie de gar\u00e7on \u00e0 Prague. En apprenant \u00e0 vous conna\u00eetre, ainsi qu'\u00e0 conna\u00eetre vos int\u00e9r\u00eats et vos pr\u00e9f\u00e9rences, nous pouvons cr\u00e9er un programme personnalis\u00e9. <strong>exp\u00e9rience personnalis\u00e9e et m\u00e9morable<\/strong> qui r\u00e9pond vraiment \u00e0 vos besoins.<\/p>\n\n\n\n<p>Que vous recherchiez un week-end de f\u00eate ou une c\u00e9l\u00e9bration plus d\u00e9contract\u00e9e, nous sommes l\u00e0 pour vous aider \u00e0 organiser l'enterrement de vie de gar\u00e7on parfait \u00e0 Prague. Nous sommes <strong>disponible 24\/7 pour vous aider<\/strong> avec toutes les questions ou probl\u00e8mes qui peuvent surgir, et notre expertise et notre connaissance locale peuvent <strong>vous faire gagner du temps et de l'argent<\/strong> en \u00e9vitant les erreurs co\u00fbteuses et les itin\u00e9raires mal planifi\u00e9s.<\/p>\n\n\n\n<p>N'h\u00e9sitez pas, vous n'\u00eates qu'un <a __bud_processed=\"\" href=\"https:\/\/amsterdam-stag-do.com\/fr\/enquete\/\">formulaire de demande<\/a> de l'ultime enterrement de vie de gar\u00e7on \u00e0 Amsterdam.<\/p>\n\n\n\n<p>D\u00e9couvrez les autres endroits o\u00f9 vous pouvez vous rendre pour un enterrement de vie de gar\u00e7on avec nous :<\/p>\n\n\n\n<ul class=\"wp-block-list\">\n<li><a href=\"https:\/\/berlin-stag-do.com\/\">Enterrement de vie de gar\u00e7on \u00e0 Berlin<\/a><\/li>\n\n\n\n<li><a href=\"https:\/\/hamburgstagdo.com\/\">Hambourg Enterrement de vie de gar\u00e7on<\/a><\/li>\n\n\n\n<li><a href=\"https:\/\/hvarstagdo.com\/\">Enterrement de vie de gar\u00e7on \u00e0 Hvar<\/a><\/li>\n\n\n\n<li><a href=\"https:\/\/lisbonstagdo.com\/\">Enterrement de vie de gar\u00e7on \u00e0 Lisbonne<\/a><\/li>\n\n\n\n<li><a href=\"https:\/\/munichstagdo.com\/\">Enterrement de vie de gar\u00e7on \u00e0 Munich<\/a><\/li>\n\n\n\n<li><a href=\"https:\/\/prague-stag-do.com\/\">Enterrement de vie de gar\u00e7on \u00e0 Prague<\/a><\/li>\n\n\n\n<li><a href=\"https:\/\/riga-stag-do.com\/\">Enterrement de vie de gar\u00e7on \u00e0 Riga<\/a><\/li>\n\n\n\n<li><a href=\"https:\/\/stagpartyljubljana.com\/\">Enterrement de vie de gar\u00e7on \u00e0 Ljubljana<\/a><\/li>\n\n\n\n<li><a href=\"https:\/\/ibizastagdo.com\">Enterrement de vie de gar\u00e7on \u00e0 Ibiza<\/a><\/li>\n\n\n\n<li><a href=\"https:\/\/benidorm-stag-do.com\/\">Enterrement de vie de gar\u00e7on \u00e0 Benidorm<\/a><\/li>\n\n\n\n<li><a href=\"https:\/\/budapest-stag-do.com\/\">Enterrement de vie de gar\u00e7on \u00e0 Budapest<\/a><\/li>\n\n\n\n<li><a href=\"https:\/\/stagdovegas.com\/\">Enterrement de vie de gar\u00e7on \u00e0 Vegas<\/a><\/li>\n\n\n\n<li><a href=\"https:\/\/stagdobarcelona.com\/\">Enterrement de vie de gar\u00e7on \u00e0 Barcelone<\/a><\/li>\n\n\n\n<li><a href=\"https:\/\/stagdozagreb.com\/\">Enterrement de vie de gar\u00e7on \u00e0 Zagreb<\/a><\/li>\n\n\n\n<li><a href=\"https:\/\/splitstagdo.com\/\">Enterrement de vie de gar\u00e7on \u00e0 Split<\/a><\/li>\n\n\n\n<li><a href=\"https:\/\/dubrovnikstagdo.com\/\">Enterrement de vie de gar\u00e7on \u00e0 Dubrovnik<\/a><\/li>\n\n\n\n<li><a href=\"https:\/\/madridstagdo.com\/\">Enterrement de vie de gar\u00e7on \u00e0 Madrid<\/a><\/li>\n\n\n\n<li><a href=\"https:\/\/bucharest-stag-do.com\/\">Enterrement de vie de gar\u00e7on \u00e0 Bucarest<\/a><\/li>\n\n\n\n<li><a href=\"https:\/\/albufeirastagdo.com\/\">Enterrement de vie de gar\u00e7on \u00e0 Albufeira<\/a><\/li>\n\n\n\n<li><a href=\"https:\/\/dublinstagdo.com\/\">Enterrement de vie de gar\u00e7on \u00e0 Dublin<\/a><\/li>\n\n\n\n<li><a href=\"https:\/\/stagdokrakow.com\/\">Enterrement de vie de gar\u00e7on \u00e0 Cracovie<\/a><\/li>\n<\/ul>\n\n\n\n<p><\/p>","protected":false},"excerpt":{"rendered":"<p>Mon \u00e9quipe peut vous aider \u00e0 organiser le parfait week-end d'enterrement de vie de gar\u00e7on \u00e0 Amsterdam et s'assurer que vous et vos amis vivrez une exp\u00e9rience m\u00e9morable et sans stress. Nous comprenons que l'organisation d'un voyage peut \u00eatre accablante, en particulier pour un enterrement de vie de gar\u00e7on. Mais avec notre aide, vous pouvez \u00eatre s\u00fbr que tout se passera comme pr\u00e9vu. Nous ... <a href=\"https:\/\/amsterdam-stag-do.com\/fr\/a-propos-de-nous\/\">Suite<\/a><\/p>","protected":false},"author":38,"featured_media":271,"parent":0,"menu_order":0,"comment_status":"closed","ping_status":"closed","template":"","meta":{"_acf_changed":false,"footnotes":""},"class_list":["post-38","page","type-page","status-publish","has-post-thumbnail","hentry"],"acf":{"page_subheading":"Allow us to assist in planning the ultimate stag do in Amsterdam and let us help you celebrate this special occasion without any stress over the organization."},"_links":{"self":[{"href":"https:\/\/amsterdam-stag-do.com\/fr\/wp-json\/wp\/v2\/pages\/38","targetHints":{"allow":["GET"]}}],"collection":[{"href":"https:\/\/amsterdam-stag-do.com\/fr\/wp-json\/wp\/v2\/pages"}],"about":[{"href":"https:\/\/amsterdam-stag-do.com\/fr\/wp-json\/wp\/v2\/types\/page"}],"author":[{"embeddable":true,"href":"https:\/\/amsterdam-stag-do.com\/fr\/wp-json\/wp\/v2\/users\/38"}],"replies":[{"embeddable":true,"href":"https:\/\/amsterdam-stag-do.com\/fr\/wp-json\/wp\/v2\/comments?post=38"}],"version-history":[{"count":17,"href":"https:\/\/amsterdam-stag-do.com\/fr\/wp-json\/wp\/v2\/pages\/38\/revisions"}],"predecessor-version":[{"id":18930,"href":"https:\/\/amsterdam-stag-do.com\/fr\/wp-json\/wp\/v2\/pages\/38\/revisions\/18930"}],"wp:featuredmedia":[{"embeddable":true,"href":"https:\/\/amsterdam-stag-do.com\/fr\/wp-json\/wp\/v2\/media\/271"}],"wp:attachment":[{"href":"https:\/\/amsterdam-stag-do.com\/fr\/wp-json\/wp\/v2\/media?parent=38"}],"curies":[{"name":"wp","href":"https:\/\/api.w.org\/{rel}","templated":true}]}}