{"id":44,"date":"2022-12-28T12:14:27","date_gmt":"2022-12-28T12:14:27","guid":{"rendered":"https:\/\/amsterdam-stag-do.com\/?page_id=44"},"modified":"2023-01-04T10:52:12","modified_gmt":"2023-01-04T10:52:12","slug":"a-propos-damsterdam","status":"publish","type":"page","link":"https:\/\/amsterdam-stag-do.com\/fr\/a-propos-damsterdam\/","title":{"rendered":"\u00c0 propos d'Amsterdam"},"content":{"rendered":"<p>Amsterdam est le <strong>capitale et plus grande ville des Pays-Bas<\/strong>situ\u00e9e dans la partie occidentale du pays. Elle est connue pour ses <strong>une histoire riche, une architecture magnifique et une culture dynamique.<\/strong>. La ville abrite de nombreux mus\u00e9es, dont le Rijksmuseum et le mus\u00e9e Van Gogh, de renomm\u00e9e mondiale, ainsi que des canaux pittoresques, des rues charmantes et des parcs pittoresques.<\/p>\n\n\n\n<h2 class=\"wp-block-heading\">La vie nocturne d'Amsterdam<\/h2>\n\n\n\n<p>L'une des caract\u00e9ristiques les plus frappantes d'Amsterdam est sa vie nocturne. La ville est connue pour ses <strong>sc\u00e8ne de f\u00eate anim\u00e9e<\/strong>avec de nombreux clubs et bars dans les rues.&nbsp;<\/p>\n\n\n\n<p>Le c\u00e9l\u00e8bre <strong>Red Light District<\/strong> est un incontournable pour tout visiteur, avec ses c\u00e9l\u00e8bres fen\u00eatres et sa prostitution l\u00e9gale. Mais la sc\u00e8ne festive d'Amsterdam ne s'arr\u00eate pas l\u00e0. Le site <strong>Leidseplein<\/strong> et <strong>Rembrandtplein<\/strong> abritent certains des meilleurs clubs et bars de la ville, o\u00f9 vous pourrez danser toute la nuit et profiter d'un large \u00e9ventail de boissons et de musique.<\/p>\n\n\n\n<p>Parmi les destinations les plus populaires, citons <strong>Paradiso<\/strong>une salle de concert l\u00e9gendaire qui a accueilli certains des plus grands noms de la musique, et la salle de concert de l'Op\u00e9ra de Paris. <strong>Melkweg<\/strong>Ce centre culturel multifonctionnel accueille des concerts, des expositions et des \u00e9v\u00e9nements.<\/p>\n\n\n\n<p>En plus de ses c\u00e9l\u00e8bres clubs et bars, Amsterdam poss\u00e8de \u00e9galement une culture de caf\u00e9s florissante, avec de nombreux... <strong>les caf\u00e9s<\/strong> qui servent de d\u00e9lic d\u00e9licieux caf\u00e9 et des p\u00e2 p\u00e2 p\u00e2 p\u00e2 p\u00e2 p\u00e2 p\u00e2 p\u00e2 p\u00e2 p\u00e2 p\u00e2 p\u00e2 p\u00e2 p\u00e2 p\u00e2. La ville abrite \u00e9galement un certain nombre d'excellents restaurants proposant une grande vari\u00e9t\u00e9 de cuisines internationales.<\/p>\n\n\n\n<figure class=\"wp-block-image size-large\"><img loading=\"lazy\" decoding=\"async\" width=\"1024\" height=\"683\" src=\"https:\/\/amsterdam-stag-do.com\/wp-content\/uploads\/red-district-1024x683.webp\" alt=\"Red Light District\" class=\"wp-image-186\" srcset=\"https:\/\/amsterdam-stag-do.com\/wp-content\/uploads\/red-district-1024x683.webp 1024w, https:\/\/amsterdam-stag-do.com\/wp-content\/uploads\/red-district-300x200.webp 300w, https:\/\/amsterdam-stag-do.com\/wp-content\/uploads\/red-district-768x512.webp 768w, https:\/\/amsterdam-stag-do.com\/wp-content\/uploads\/red-district-1536x1024.webp 1536w, https:\/\/amsterdam-stag-do.com\/wp-content\/uploads\/red-district-18x12.webp 18w, https:\/\/amsterdam-stag-do.com\/wp-content\/uploads\/red-district.webp 1920w\" sizes=\"auto, (max-width: 1024px) 100vw, 1024px\" \/><figcaption class=\"wp-element-caption\">Red Light District<\/figcaption><\/figure>\n\n\n\n<h2 class=\"wp-block-heading\">Amsterdam est l'une des villes les plus accueillantes d'Europe<\/h2>\n\n\n\n<p>En ce qui concerne le niveau de vie, Amsterdam est consid\u00e9r\u00e9e comme l'une des villes les plus agr\u00e9ables \u00e0 vivre au monde. La ville poss\u00e8de un <strong>une qualit\u00e9 de vie \u00e9lev\u00e9e<\/strong> - une \u00e9conomie forte, un syst\u00e8me de transport public bien d\u00e9velopp\u00e9 et une gamme d'activit\u00e9s de loisirs et d'\u00e9v\u00e9nements culturels. Le site <strong>les habitants sont sympathiques<\/strong> et accueillant, permettant aux visiteurs de se sentir comme chez eux.<\/p>\n\n\n\n<p>Globalement, Amsterdam est une ville fascinante qui a beaucoup \u00e0 offrir. Que vous vous int\u00e9ressiez \u00e0 sa riche histoire et \u00e0 sa vie nocturne anim\u00e9e ou que vous souhaitiez simplement faire l'exp\u00e9rience de sa culture et de ses traditions. <strong>culture unique<\/strong>Il y en a pour tous les go\u00fbts dans cette ville dynamique et passionnante.<\/p>\n\n\n\n<p>Si vous cherchez \u00e0 organiser votre enterrement de vie de gar\u00e7on \u00e0 Amsterdam, <a href=\"https:\/\/amsterdam-stag-do.com\/fr\/\">Enterrement de vie de gar\u00e7on \u00e0 Amsterdam<\/a> peut vous fournir tout ce dont vous avez besoin pour une telle entreprise.<\/p>\n\n\n\n<figure class=\"wp-block-image size-large\"><img decoding=\"async\" src=\"https:\/\/amsterdam-stag-do.com\/wp-content\/uploads\/I-am-amsterdam-1024x683.webp\" alt=\"Je signe \u00e0 Amsterdam\" class=\"wp-image-155\"\/><figcaption class=\"wp-element-caption\">Gare principale d'Amsterdam<\/figcaption><\/figure>","protected":false},"excerpt":{"rendered":"<p>Amsterdam est la capitale et la plus grande ville des Pays-Bas, situ\u00e9e dans la partie occidentale du pays. Elle est connue pour sa riche histoire, sa belle architecture et sa culture dynamique. La ville abrite de nombreux mus\u00e9es, dont le Rijksmuseum et le mus\u00e9e Van Gogh, de renomm\u00e9e mondiale, ainsi que des canaux pittoresques, des rues charmantes et des ... <a href=\"https:\/\/amsterdam-stag-do.com\/fr\/a-propos-damsterdam\/\">Suite<\/a><\/p>","protected":false},"author":38,"featured_media":270,"parent":0,"menu_order":0,"comment_status":"closed","ping_status":"closed","template":"","meta":{"_acf_changed":false,"footnotes":""},"class_list":["post-44","page","type-page","status-publish","has-post-thumbnail","hentry"],"acf":{"page_subheading":"Most famous for legal prostitution and cannabis coffee shops in party circles, Amsterdam is a paradise for any stag do due to its unique blend of attractions."},"_links":{"self":[{"href":"https:\/\/amsterdam-stag-do.com\/fr\/wp-json\/wp\/v2\/pages\/44","targetHints":{"allow":["GET"]}}],"collection":[{"href":"https:\/\/amsterdam-stag-do.com\/fr\/wp-json\/wp\/v2\/pages"}],"about":[{"href":"https:\/\/amsterdam-stag-do.com\/fr\/wp-json\/wp\/v2\/types\/page"}],"author":[{"embeddable":true,"href":"https:\/\/amsterdam-stag-do.com\/fr\/wp-json\/wp\/v2\/users\/38"}],"replies":[{"embeddable":true,"href":"https:\/\/amsterdam-stag-do.com\/fr\/wp-json\/wp\/v2\/comments?post=44"}],"version-history":[{"count":4,"href":"https:\/\/amsterdam-stag-do.com\/fr\/wp-json\/wp\/v2\/pages\/44\/revisions"}],"predecessor-version":[{"id":428,"href":"https:\/\/amsterdam-stag-do.com\/fr\/wp-json\/wp\/v2\/pages\/44\/revisions\/428"}],"wp:featuredmedia":[{"embeddable":true,"href":"https:\/\/amsterdam-stag-do.com\/fr\/wp-json\/wp\/v2\/media\/270"}],"wp:attachment":[{"href":"https:\/\/amsterdam-stag-do.com\/fr\/wp-json\/wp\/v2\/media?parent=44"}],"curies":[{"name":"wp","href":"https:\/\/api.w.org\/{rel}","templated":true}]}}