{"id":50,"date":"2022-12-28T12:14:59","date_gmt":"2022-12-28T12:14:59","guid":{"rendered":"https:\/\/amsterdam-stag-do.com\/?page_id=50"},"modified":"2023-01-04T11:00:20","modified_gmt":"2023-01-04T11:00:20","slug":"comment-se-rendre-a-amsterdam","status":"publish","type":"page","link":"https:\/\/amsterdam-stag-do.com\/fr\/comment-se-rendre-a-amsterdam\/","title":{"rendered":"Comment se rendre \u00e0 Amsterdam"},"content":{"rendered":"<p>Amsterdam, la capitale des Pays-Bas, est une <strong>destination populaire pour les touristes<\/strong> du monde entier. Situ\u00e9e dans la partie occidentale du pays, Amsterdam est facile \u00e0 atteindre avec diff\u00e9rents moyens de transport. Si vous pr\u00e9voyez un enterrement de vie de gar\u00e7on \u00e0 Amsterdam, voici quelques options pour vous y rendre :<\/p>\n\n\n\n<h2 class=\"wp-block-heading\">Avion<\/h2>\n\n\n\n<p>Amsterdam est desservie par <strong>A\u00e9roport de Schiphol<\/strong>l'un des a\u00e9roports les plus fr\u00e9quent\u00e9s d'Europe. L'a\u00e9roport n'est qu'\u00e0 une courte distance du centre ville, et il existe un certain nombre d'options pour se rendre en ville depuis l'a\u00e9roport. Vous pouvez prendre le train, qui vous conduira au centre-ville en 15 \u00e0 20 minutes seulement. Vous pouvez \u00e9galement prendre un bus ou un taxi, qui vous conduira au centre-ville dans le m\u00eame laps de temps.<\/p>\n\n\n\n<h2 class=\"wp-block-heading\">Train<\/h2>\n\n\n\n<p>Amsterdam est \u00e9galement bien reli\u00e9e par train \u00e0 d'autres parties de l'Europe. Si vous venez d'une autre ville europ\u00e9enne, vous pouvez facilement prendre le train pour Amsterdam. La ville poss\u00e8de deux gares principales : <strong>Amsterdam Central<\/strong> et <strong>Amsterdam Sud<\/strong>. Les deux stations sont situ\u00e9es dans le centre ville et sont facilement accessibles \u00e0 pied ou par les transports en commun.<\/p>\n\n\n\n<h2 class=\"wp-block-heading\">Bus<\/h2>\n\n\n\n<p>Une autre option consiste \u00e0 prendre le bus. Plusieurs compagnies de bus proposent un service r\u00e9gulier vers Amsterdam \u00e0 partir de diff\u00e9rentes villes d'Europe. C'est une option plus \u00e9conomique que de prendre l'avion ou le train. Lorsque vous voyagez en bus, vous arrivez g\u00e9n\u00e9ralement \u00e0 l'a\u00e9roport d'Amsterdam. <strong>Amsterdam Sloterdijk<\/strong> situ\u00e9e juste \u00e0 l'ext\u00e9rieur du centre-ville et facilement accessible par les transports publics.<\/p>\n\n\n\n<h2 class=\"wp-block-heading\">Voiture<\/h2>\n\n\n\n<p>Si vous vous rendez \u00e0 Amsterdam en voiture, vous pouvez facilement rejoindre la ville en voiture. Amsterdam est reli\u00e9e au reste des Pays-Bas par une autoroute. <strong>r\u00e9seau d'autoroutes<\/strong>Il y a plusieurs parkings dans le centre ville o\u00f9 vous pouvez garer votre voiture. Gardez \u00e0 l'esprit que la circulation \u00e0 Amsterdam peut \u00eatre dense, notamment aux heures de pointe, et qu'il est pr\u00e9f\u00e9rable d'\u00e9viter de conduire \u00e0 ces moments-l\u00e0.<\/p>\n\n\n\n<h2 class=\"wp-block-heading\">Vous vous rendez \u00e0 Amsterdam pour un enterrement de vie de gar\u00e7on ?<\/h2>\n\n\n\n<p>Quel que soit le moyen que vous choisissez pour vous rendre \u00e0 Amsterdam, vous constaterez que la ville est <strong>facile \u00e0 naviguer<\/strong> et a beaucoup \u00e0 offrir. La ville est bien desservie et dispose d'un syst\u00e8me de transport public bien organis\u00e9.<\/p>\n\n\n\n<p>Sur <a href=\"https:\/\/amsterdam-stag-do.com\/fr\/\">Enterrement de vie de gar\u00e7on \u00e0 Amsterdam<\/a>Nous vous fournissons toutes les informations n\u00e9cessaires pour vous rendre \u00e0 Amsterdam pour un week-end de d\u00e9bauche.<\/p>","protected":false},"excerpt":{"rendered":"<p>Amsterdam, la capitale des Pays-Bas, est une destination populaire pour les touristes du monde entier. Situ\u00e9e dans la partie occidentale du pays, Amsterdam est facilement accessible par diff\u00e9rents moyens de transport. Si vous pr\u00e9voyez un enterrement de vie de gar\u00e7on \u00e0 Amsterdam, voici quelques options pour vous y rendre : Avion Amsterdam est ... <a href=\"https:\/\/amsterdam-stag-do.com\/fr\/comment-se-rendre-a-amsterdam\/\">Suite<\/a><\/p>","protected":false},"author":38,"featured_media":155,"parent":0,"menu_order":0,"comment_status":"closed","ping_status":"closed","template":"","meta":{"_acf_changed":false,"footnotes":""},"class_list":["post-50","page","type-page","status-publish","has-post-thumbnail","hentry"],"acf":{"page_subheading":"Here is a quick overview of the most convenient ways to get to Amsterdam with different means of transportation \u2014 by plane, train, bus, or car."},"_links":{"self":[{"href":"https:\/\/amsterdam-stag-do.com\/fr\/wp-json\/wp\/v2\/pages\/50","targetHints":{"allow":["GET"]}}],"collection":[{"href":"https:\/\/amsterdam-stag-do.com\/fr\/wp-json\/wp\/v2\/pages"}],"about":[{"href":"https:\/\/amsterdam-stag-do.com\/fr\/wp-json\/wp\/v2\/types\/page"}],"author":[{"embeddable":true,"href":"https:\/\/amsterdam-stag-do.com\/fr\/wp-json\/wp\/v2\/users\/38"}],"replies":[{"embeddable":true,"href":"https:\/\/amsterdam-stag-do.com\/fr\/wp-json\/wp\/v2\/comments?post=50"}],"version-history":[{"count":3,"href":"https:\/\/amsterdam-stag-do.com\/fr\/wp-json\/wp\/v2\/pages\/50\/revisions"}],"predecessor-version":[{"id":55,"href":"https:\/\/amsterdam-stag-do.com\/fr\/wp-json\/wp\/v2\/pages\/50\/revisions\/55"}],"wp:featuredmedia":[{"embeddable":true,"href":"https:\/\/amsterdam-stag-do.com\/fr\/wp-json\/wp\/v2\/media\/155"}],"wp:attachment":[{"href":"https:\/\/amsterdam-stag-do.com\/fr\/wp-json\/wp\/v2\/media?parent=50"}],"curies":[{"name":"wp","href":"https:\/\/api.w.org\/{rel}","templated":true}]}}