{"id":44,"date":"2022-12-28T12:14:27","date_gmt":"2022-12-28T12:14:27","guid":{"rendered":"https:\/\/amsterdam-stag-do.com\/?page_id=44"},"modified":"2023-01-04T10:52:12","modified_gmt":"2023-01-04T10:52:12","slug":"informazioni-su-amsterdam","status":"publish","type":"page","link":"https:\/\/amsterdam-stag-do.com\/it\/informazioni-su-amsterdam\/","title":{"rendered":"Informazioni su Amsterdam"},"content":{"rendered":"<p>Amsterdam \u00e8 il <strong>capitale e citt\u00e0 pi\u00f9 grande dei Paesi Bassi<\/strong>, situata nella parte occidentale del Paese. \u00c8 nota per la sua <strong>ricca storia, bella architettura e cultura vivace<\/strong>. La citt\u00e0 ospita numerosi musei, tra cui il Rijksmuseum e il Van Gogh Museum, famosi in tutto il mondo, oltre a canali pittoreschi, strade incantevoli e parchi pittoreschi.<\/p>\n\n\n\n<h2 class=\"wp-block-heading\">La vita notturna di Amsterdam<\/h2>\n\n\n\n<p>Una delle caratteristiche pi\u00f9 sorprendenti di Amsterdam \u00e8 la sua vita notturna. La citt\u00e0 \u00e8 nota per la sua <strong>vivace scena di festa<\/strong>con numerosi locali e bar che adornano le strade.&nbsp;<\/p>\n\n\n\n<p>Il famoso <strong>Quartiere a luci rosse<\/strong> \u00e8 una tappa obbligata per qualsiasi visitatore, con le sue famose vetrine e la prostituzione legale. Ma la scena delle feste di Amsterdam non si ferma qui. Il <strong>Leidseplein<\/strong> e <strong>Rembrandtplein<\/strong> Le zone sono sede di alcuni dei migliori club e bar della citt\u00e0, dove si pu\u00f2 ballare tutta la notte e godere di un'ampia gamma di drink e musica.<\/p>\n\n\n\n<p>Alcune delle destinazioni pi\u00f9 popolari includono <strong>Paradiso<\/strong>, un leggendario locale musicale che ha ospitato alcuni dei pi\u00f9 grandi nomi della musica, e il <strong>Melkweg<\/strong>, un centro culturale multifunzionale che ospita concerti, mostre ed eventi.<\/p>\n\n\n\n<p>Oltre ai suoi famosi club e bar, Amsterdam vanta anche una fiorente cultura del caff\u00e8, con molti locali e bar. <strong>caffetterie<\/strong> che servono deliziosi caff\u00e8 e pasticcini. La citt\u00e0 ospita anche una serie di eccellenti ristoranti che offrono un'ampia variet\u00e0 di cucine internazionali.<\/p>\n\n\n\n<figure class=\"wp-block-image size-large\"><img loading=\"lazy\" decoding=\"async\" width=\"1024\" height=\"683\" src=\"https:\/\/amsterdam-stag-do.com\/wp-content\/uploads\/red-district-1024x683.webp\" alt=\"Quartiere a luci rosse\" class=\"wp-image-186\" srcset=\"https:\/\/amsterdam-stag-do.com\/wp-content\/uploads\/red-district-1024x683.webp 1024w, https:\/\/amsterdam-stag-do.com\/wp-content\/uploads\/red-district-300x200.webp 300w, https:\/\/amsterdam-stag-do.com\/wp-content\/uploads\/red-district-768x512.webp 768w, https:\/\/amsterdam-stag-do.com\/wp-content\/uploads\/red-district-1536x1024.webp 1536w, https:\/\/amsterdam-stag-do.com\/wp-content\/uploads\/red-district-18x12.webp 18w, https:\/\/amsterdam-stag-do.com\/wp-content\/uploads\/red-district.webp 1920w\" sizes=\"auto, (max-width: 1024px) 100vw, 1024px\" \/><figcaption class=\"wp-element-caption\">Quartiere a luci rosse<\/figcaption><\/figure>\n\n\n\n<h2 class=\"wp-block-heading\">Amsterdam \u00e8 una delle citt\u00e0 pi\u00f9 accoglienti d'Europa<\/h2>\n\n\n\n<p>Per quanto riguarda il tenore di vita, Amsterdam \u00e8 considerata una delle citt\u00e0 pi\u00f9 vivibili al mondo. La citt\u00e0 ha un <strong>alta qualit\u00e0 di vita<\/strong> - un'economia forte, un sistema di trasporto pubblico ben sviluppato e una serie di attivit\u00e0 ricreative ed eventi culturali. Il <strong>la gente del posto \u00e8 amichevole<\/strong> e accogliente, facendo s\u00ec che i visitatori si sentano facilmente a casa.<\/p>\n\n\n\n<p>Nel complesso, Amsterdam \u00e8 una citt\u00e0 affascinante che ha molto da offrire. Sia che siate interessati alla sua ricca storia e alla sua vibrante vita notturna, sia che vogliate semplicemente sperimentare le sue <strong>cultura unica<\/strong>In questa citt\u00e0 dinamica ed eccitante ce n'\u00e8 per tutti i gusti.<\/p>\n\n\n\n<p>Se volete organizzare il vostro addio al celibato ad Amsterdam, <a href=\"https:\/\/amsterdam-stag-do.com\/it\/\">Addio al celibato ad Amsterdam<\/a> pu\u00f2 fornirvi tutto ci\u00f2 di cui avete bisogno per un'impresa del genere.<\/p>\n\n\n\n<figure class=\"wp-block-image size-large\"><img decoding=\"async\" src=\"https:\/\/amsterdam-stag-do.com\/wp-content\/uploads\/I-am-amsterdam-1024x683.webp\" alt=\"Io Amsterdam firmo\" class=\"wp-image-155\"\/><figcaption class=\"wp-element-caption\">Stazione ferroviaria principale di Amsterdam<\/figcaption><\/figure>","protected":false},"excerpt":{"rendered":"<p>Amsterdam \u00e8 la capitale e la citt\u00e0 pi\u00f9 grande dei Paesi Bassi, situata nella parte occidentale del Paese. \u00c8 nota per la sua ricca storia, la splendida architettura e la vivace cultura. La citt\u00e0 ospita numerosi musei, tra cui il Rijksmuseum e il Van Gogh Museum, famosi in tutto il mondo, oltre a canali pittoreschi, strade incantevoli e pittoreschi ... <a href=\"https:\/\/amsterdam-stag-do.com\/it\/informazioni-su-amsterdam\/\">Continua<\/a><\/p>","protected":false},"author":38,"featured_media":270,"parent":0,"menu_order":0,"comment_status":"closed","ping_status":"closed","template":"","meta":{"_acf_changed":false,"footnotes":""},"class_list":["post-44","page","type-page","status-publish","has-post-thumbnail","hentry"],"acf":{"page_subheading":"Most famous for legal prostitution and cannabis coffee shops in party circles, Amsterdam is a paradise for any stag do due to its unique blend of attractions."},"_links":{"self":[{"href":"https:\/\/amsterdam-stag-do.com\/it\/wp-json\/wp\/v2\/pages\/44","targetHints":{"allow":["GET"]}}],"collection":[{"href":"https:\/\/amsterdam-stag-do.com\/it\/wp-json\/wp\/v2\/pages"}],"about":[{"href":"https:\/\/amsterdam-stag-do.com\/it\/wp-json\/wp\/v2\/types\/page"}],"author":[{"embeddable":true,"href":"https:\/\/amsterdam-stag-do.com\/it\/wp-json\/wp\/v2\/users\/38"}],"replies":[{"embeddable":true,"href":"https:\/\/amsterdam-stag-do.com\/it\/wp-json\/wp\/v2\/comments?post=44"}],"version-history":[{"count":4,"href":"https:\/\/amsterdam-stag-do.com\/it\/wp-json\/wp\/v2\/pages\/44\/revisions"}],"predecessor-version":[{"id":428,"href":"https:\/\/amsterdam-stag-do.com\/it\/wp-json\/wp\/v2\/pages\/44\/revisions\/428"}],"wp:featuredmedia":[{"embeddable":true,"href":"https:\/\/amsterdam-stag-do.com\/it\/wp-json\/wp\/v2\/media\/270"}],"wp:attachment":[{"href":"https:\/\/amsterdam-stag-do.com\/it\/wp-json\/wp\/v2\/media?parent=44"}],"curies":[{"name":"wp","href":"https:\/\/api.w.org\/{rel}","templated":true}]}}