{"id":38,"date":"2022-12-28T12:13:09","date_gmt":"2022-12-28T12:13:09","guid":{"rendered":"https:\/\/amsterdam-stag-do.com\/?page_id=38"},"modified":"2026-02-24T11:38:52","modified_gmt":"2026-02-24T11:38:52","slug":"om-oss","status":"publish","type":"page","link":"https:\/\/amsterdam-stag-do.com\/sv\/om-oss\/","title":{"rendered":"Om oss"},"content":{"rendered":"<p>Mitt team kan <strong>hj\u00e4lper dig att planera den perfekta svensexahelgen<\/strong> i Amsterdam och se till att du och dina v\u00e4nner f\u00e5r en minnesv\u00e4rd och stressfri upplevelse. Vi f\u00f6rst\u00e5r att det kan vara \u00f6verv\u00e4ldigande att organisera en resa, s\u00e4rskilt en svensexa. Men med v\u00e5r hj\u00e4lp kan du vara s\u00e4ker p\u00e5 att allt kommer att bli som det ska.<\/p>\n\n\n\n<p>Vi vill se till att allt g\u00e5r smidigt och att du f\u00e5r en s\u00e5 bra tid som m\u00f6jligt. Vi hj\u00e4lper dig <strong>undvika vanliga fallgropar<\/strong>Det kan till exempel handla om att boka ett boende som ligger f\u00f6r l\u00e5ngt fr\u00e5n aktiviteterna, att spendera f\u00f6r mycket pengar p\u00e5 aktiviteterna eller att planera n\u00e5got som kr\u00e4ver ett klart sinne efter en kv\u00e4ll med mycket alkohol.<\/p>\n\n\n\n<p>N\u00e4r du l\u00e5ter oss ta hand om detaljerna och skapa en noggrant planerad resplan kan du fokusera p\u00e5 att fira och <strong>ha roligt med dina v\u00e4nner<\/strong> i st\u00e4llet. Lita p\u00e5 att vi g\u00f6r din svensexa i Amsterdam till en of\u00f6rgl\u00f6mlig och stressfri upplevelse.<\/p>\n\n\n\n<h2 class=\"wp-block-heading\">Professionella svensexperter med m\u00e5nga \u00e5rs erfarenhet<\/h2>\n\n\n\n<p><strong>Sedan 2015<\/strong>Vi har hj\u00e4lpt otaliga m\u00e4n att fira sin svensexa med of\u00f6rgl\u00f6mliga minnen. Eftersom vi \u00e4r ett finansiellt skyddat resef\u00f6retag kan du lita p\u00e5 att dina pengar \u00e4r s\u00e4kra hos oss.<\/p>\n\n\n\n<p>V\u00e5r<strong> anpassningsbara bokningsalternativ<\/strong> g\u00f6r det enkelt att effektivt planera den perfekta svensexahelgen i Amsterdam. Dessutom tar vi hand om alla detaljer f\u00f6r att se till att din upplevelse blir stressfri och trevlig. D\u00e4rf\u00f6r kan du spara din energi f\u00f6r den ultimata svensexan.<\/p>\n\n\n\n<p>Amsterdam \u00e4r en pulserande stad med ett rikt utbud av <strong>kultur, historia och ett sp\u00e4nnande nattliv<\/strong>. Det \u00e4r den perfekta destinationen f\u00f6r att fira din sista kv\u00e4ll i frihet med dina v\u00e4nner. Oavsett om du vill g\u00e5 p\u00e5 klubbarna, promenera i Red Light District eller utforska stadens fantastiska landm\u00e4rken och arkitektur har Amsterdam n\u00e5got f\u00f6r alla.<\/p>\n\n\n\n<p>Vi \u00e4r stolta \u00f6ver att kunna erbjuda utm\u00e4rkt service p\u00e5 <strong>\u00f6verkomliga priser<\/strong> och har starka relationer med v\u00e5ra <strong>p\u00e5litlig partner<\/strong> <strong>f\u00f6retag<\/strong> i Amsterdam. De har valts ut med omsorg eftersom de \u00e4r i linje med v\u00e5ra v\u00e4rderingar och erbjuder tj\u00e4nster av h\u00f6gsta kvalitet.<\/p>\n\n\n\n<h2 class=\"wp-block-heading\">Det \u00e4r snart dags f\u00f6r din svensexa i Amsterdam!<\/h2>\n\n\n\n<p>P\u00e5 v\u00e5rt f\u00f6retag vet vi att varje grupp killar \u00e4r unik. D\u00e4rf\u00f6r tar vi ett personligt tillv\u00e4gag\u00e5ngss\u00e4tt n\u00e4r vi planerar din svensexa i Prag. Genom att l\u00e4ra k\u00e4nna er och era specifika intressen och preferenser kan vi skapa en <strong>skr\u00e4ddarsydd och minnesv\u00e4rd upplevelse<\/strong> som verkligen tillgodoser dina behov.<\/p>\n\n\n\n<p>Oavsett om du vill ha en vild helg med fest eller en mer avslappnad fest \u00e4r vi h\u00e4r f\u00f6r att hj\u00e4lpa dig att planera den perfekta svensexan i Prag. Vi \u00e4r <strong>tillg\u00e4nglig dygnet runt f\u00f6r att hj\u00e4lpa dig<\/strong> med alla fr\u00e5gor eller problem som kan dyka upp, och v\u00e5r expertis och lokalk\u00e4nnedom kan hj\u00e4lpa oss att <strong>spara pengar och tid<\/strong> genom att undvika kostsamma misstag och d\u00e5ligt planerade resv\u00e4gar.<\/p>\n\n\n\n<p>Tveka inte - du \u00e4r bara en <a __bud_processed=\"\" href=\"https:\/\/amsterdam-stag-do.com\/sv\/undersokning\/\">F\u00f6rfr\u00e5gningsformul\u00e4r<\/a> fr\u00e5n den ultimata svensexan i Amsterdam.<\/p>\n\n\n\n<p>Se var du kan \u00e5ka p\u00e5 en svensexa med oss:<\/p>\n\n\n\n<ul class=\"wp-block-list\">\n<li><a href=\"https:\/\/berlin-stag-do.com\/\">Berlin Stag Do<\/a><\/li>\n\n\n\n<li><a href=\"https:\/\/hamburgstagdo.com\/\">Hamburg Stag Do<\/a><\/li>\n\n\n\n<li><a href=\"https:\/\/hvarstagdo.com\/\">Hvar Stag Do<\/a><\/li>\n\n\n\n<li><a href=\"https:\/\/lisbonstagdo.com\/\">Lissabon Stag Do<\/a><\/li>\n\n\n\n<li><a href=\"https:\/\/munichstagdo.com\/\">M\u00fcnchen Stag Do<\/a><\/li>\n\n\n\n<li><a href=\"https:\/\/prague-stag-do.com\/\">Prag Stag Do<\/a><\/li>\n\n\n\n<li><a href=\"https:\/\/riga-stag-do.com\/\">Riga Stag Do<\/a><\/li>\n\n\n\n<li><a href=\"https:\/\/stagpartyljubljana.com\/\">Stag Party Ljubljana<\/a><\/li>\n\n\n\n<li><a href=\"https:\/\/ibizastagdo.com\">Ibiza Stag Do<\/a><\/li>\n\n\n\n<li><a href=\"https:\/\/benidorm-stag-do.com\/\">Benidorm svensexa<\/a><\/li>\n\n\n\n<li><a href=\"https:\/\/budapest-stag-do.com\/\">Budapest svensexa<\/a><\/li>\n\n\n\n<li><a href=\"https:\/\/stagdovegas.com\/\">Stag Do Vegas<\/a><\/li>\n\n\n\n<li><a href=\"https:\/\/stagdobarcelona.com\/\">Stag Do Barcelona<\/a><\/li>\n\n\n\n<li><a href=\"https:\/\/stagdozagreb.com\/\">Stag Do Zagreb<\/a><\/li>\n\n\n\n<li><a href=\"https:\/\/splitstagdo.com\/\">Split Stag Do<\/a><\/li>\n\n\n\n<li><a href=\"https:\/\/dubrovnikstagdo.com\/\">Dubrovnik svensexa<\/a><\/li>\n\n\n\n<li><a href=\"https:\/\/madridstagdo.com\/\">Madrid svensexa<\/a><\/li>\n\n\n\n<li><a href=\"https:\/\/bucharest-stag-do.com\/\">Bukarest Stag Do<\/a><\/li>\n\n\n\n<li><a href=\"https:\/\/albufeirastagdo.com\/\">Albufeira svensexa<\/a><\/li>\n\n\n\n<li><a href=\"https:\/\/dublinstagdo.com\/\">Dublin svensexa<\/a><\/li>\n\n\n\n<li><a href=\"https:\/\/stagdokrakow.com\/\">Krakow Stag Do<\/a><\/li>\n<\/ul>\n\n\n\n<p><\/p>","protected":false},"excerpt":{"rendered":"<p>Mitt team kan hj\u00e4lpa dig att planera den perfekta svensexan i Amsterdam och se till att du och dina v\u00e4nner f\u00e5r en minnesv\u00e4rd och stressfri upplevelse. Vi f\u00f6rst\u00e5r att det kan vara \u00f6verv\u00e4ldigande att organisera en resa, s\u00e4rskilt en svensexa. Men med v\u00e5r hj\u00e4lp kan du vara s\u00e4ker p\u00e5 att allt kommer att bli som det ska. Vi ... <a href=\"https:\/\/amsterdam-stag-do.com\/sv\/om-oss\/\">Forts\u00e4ttning<\/a><\/p>","protected":false},"author":38,"featured_media":271,"parent":0,"menu_order":0,"comment_status":"closed","ping_status":"closed","template":"","meta":{"_acf_changed":false,"footnotes":""},"class_list":["post-38","page","type-page","status-publish","has-post-thumbnail","hentry"],"acf":{"page_subheading":"Allow us to assist in planning the ultimate stag do in Amsterdam and let us help you celebrate this special occasion without any stress over the organization."},"_links":{"self":[{"href":"https:\/\/amsterdam-stag-do.com\/sv\/wp-json\/wp\/v2\/pages\/38","targetHints":{"allow":["GET"]}}],"collection":[{"href":"https:\/\/amsterdam-stag-do.com\/sv\/wp-json\/wp\/v2\/pages"}],"about":[{"href":"https:\/\/amsterdam-stag-do.com\/sv\/wp-json\/wp\/v2\/types\/page"}],"author":[{"embeddable":true,"href":"https:\/\/amsterdam-stag-do.com\/sv\/wp-json\/wp\/v2\/users\/38"}],"replies":[{"embeddable":true,"href":"https:\/\/amsterdam-stag-do.com\/sv\/wp-json\/wp\/v2\/comments?post=38"}],"version-history":[{"count":17,"href":"https:\/\/amsterdam-stag-do.com\/sv\/wp-json\/wp\/v2\/pages\/38\/revisions"}],"predecessor-version":[{"id":18930,"href":"https:\/\/amsterdam-stag-do.com\/sv\/wp-json\/wp\/v2\/pages\/38\/revisions\/18930"}],"wp:featuredmedia":[{"embeddable":true,"href":"https:\/\/amsterdam-stag-do.com\/sv\/wp-json\/wp\/v2\/media\/271"}],"wp:attachment":[{"href":"https:\/\/amsterdam-stag-do.com\/sv\/wp-json\/wp\/v2\/media?parent=38"}],"curies":[{"name":"wp","href":"https:\/\/api.w.org\/{rel}","templated":true}]}}