{"id":44,"date":"2022-12-28T12:14:27","date_gmt":"2022-12-28T12:14:27","guid":{"rendered":"https:\/\/amsterdam-stag-do.com\/?page_id=44"},"modified":"2023-01-04T10:52:12","modified_gmt":"2023-01-04T10:52:12","slug":"om-amsterdam","status":"publish","type":"page","link":"https:\/\/amsterdam-stag-do.com\/sv\/om-amsterdam\/","title":{"rendered":"Om Amsterdam"},"content":{"rendered":"<p>Amsterdam \u00e4r den <strong>huvudstad och st\u00f6rsta stad i Nederl\u00e4nderna<\/strong>, som ligger i v\u00e4stra delen av landet. Den \u00e4r k\u00e4nd f\u00f6r sin <strong>rik historia, vacker arkitektur och livlig kultur<\/strong>. Staden har m\u00e5nga museer, bland annat det v\u00e4rldsber\u00f6mda Rijksmuseum och Van Gogh-museet, samt pittoreska kanaler, charmiga gator och pittoreska parker.<\/p>\n\n\n\n<h2 class=\"wp-block-heading\">Amsterdams nattliv<\/h2>\n\n\n\n<p>Ett av de mest sl\u00e5ende dragen i Amsterdam \u00e4r dess nattliv. Staden \u00e4r k\u00e4nd f\u00f6r sina <strong>livlig festscen<\/strong>, med m\u00e5nga klubbar och barer som pryder gatorna.&nbsp;<\/p>\n\n\n\n<p>Den ber\u00f6mda <strong>R\u00f6dljusdistriktet<\/strong> \u00e4r ett m\u00e5ste f\u00f6r alla bes\u00f6kare, med sina ber\u00f6mda f\u00f6nster och sin lagliga prostitution. Men Amsterdams partyscen slutar inte d\u00e4r. <strong>Leidseplein<\/strong> och <strong>Rembrandtplein<\/strong> I dessa omr\u00e5den finns n\u00e5gra av stadens b\u00e4sta klubbar och barer d\u00e4r du kan dansa hela natten och njuta av ett brett utbud av drinkar och musik.<\/p>\n\n\n\n<p>N\u00e5gra av de mest popul\u00e4ra destinationerna \u00e4r <strong>Paradiso<\/strong>, en legendarisk musiklokal d\u00e4r n\u00e5gra av de st\u00f6rsta namnen inom musikbranschen har varit v\u00e4rd, och <strong>Melkweg<\/strong>, ett multifunktionellt kulturcentrum d\u00e4r det ordnas konserter, utst\u00e4llningar och evenemang.<\/p>\n\n\n\n<p>F\u00f6rutom de ber\u00f6mda klubbarna och barerna har Amsterdam ocks\u00e5 en blomstrande kaf\u00e9kultur, med m\u00e5nga <strong>kaf\u00e9er<\/strong> som serverar gott kaffe och bakverk. I staden finns ocks\u00e5 ett antal utm\u00e4rkta restauranger som erbjuder ett brett utbud av internationella r\u00e4tter.<\/p>\n\n\n\n<figure class=\"wp-block-image size-large\"><img loading=\"lazy\" decoding=\"async\" width=\"1024\" height=\"683\" src=\"https:\/\/amsterdam-stag-do.com\/wp-content\/uploads\/red-district-1024x683.webp\" alt=\"R\u00f6dljusdistriktet\" class=\"wp-image-186\" srcset=\"https:\/\/amsterdam-stag-do.com\/wp-content\/uploads\/red-district-1024x683.webp 1024w, https:\/\/amsterdam-stag-do.com\/wp-content\/uploads\/red-district-300x200.webp 300w, https:\/\/amsterdam-stag-do.com\/wp-content\/uploads\/red-district-768x512.webp 768w, https:\/\/amsterdam-stag-do.com\/wp-content\/uploads\/red-district-1536x1024.webp 1536w, https:\/\/amsterdam-stag-do.com\/wp-content\/uploads\/red-district-18x12.webp 18w, https:\/\/amsterdam-stag-do.com\/wp-content\/uploads\/red-district.webp 1920w\" sizes=\"auto, (max-width: 1024px) 100vw, 1024px\" \/><figcaption class=\"wp-element-caption\">R\u00f6dljusdistriktet<\/figcaption><\/figure>\n\n\n\n<h2 class=\"wp-block-heading\">Amsterdam \u00e4r en av de mest v\u00e4lkomnande st\u00e4derna i Europa<\/h2>\n\n\n\n<p>N\u00e4r det g\u00e4ller levnadsstandard anses Amsterdam vara en av de mest beboeliga st\u00e4derna i v\u00e4rlden. Staden har en <strong>h\u00f6g livskvalitet<\/strong> - en stark ekonomi, ett v\u00e4lutvecklat kollektivtrafiksystem och ett stort utbud av fritidsaktiviteter och kulturevenemang. <strong>lokalbefolkningen \u00e4r v\u00e4nliga<\/strong> och v\u00e4lkomnande, vilket g\u00f6r det l\u00e4tt f\u00f6r bes\u00f6kare att k\u00e4nna sig hemma.<\/p>\n\n\n\n<p>P\u00e5 det hela taget \u00e4r Amsterdam en fascinerande stad som har mycket att erbjuda. Oavsett om du \u00e4r intresserad av dess rika historia och pulserande nattliv eller om du helt enkelt vill uppleva dess <strong>unik kultur<\/strong>Det finns n\u00e5got f\u00f6r alla i denna dynamiska och sp\u00e4nnande stad.<\/p>\n\n\n\n<p>Om du vill ha din svensexa i Amsterdam, <a href=\"https:\/\/amsterdam-stag-do.com\/sv\/\">Amsterdam Stag Do<\/a> kan hj\u00e4lpa dig med allt du beh\u00f6ver f\u00f6r en s\u00e5dan satsning.<\/p>\n\n\n\n<figure class=\"wp-block-image size-large\"><img decoding=\"async\" src=\"https:\/\/amsterdam-stag-do.com\/wp-content\/uploads\/I-am-amsterdam-1024x683.webp\" alt=\"I Amsterdam undertecknar\" class=\"wp-image-155\"\/><figcaption class=\"wp-element-caption\">Huvudstationen i Amsterdam<\/figcaption><\/figure>","protected":false},"excerpt":{"rendered":"<p>Amsterdam \u00e4r Nederl\u00e4ndernas huvudstad och st\u00f6rsta stad och ligger i den v\u00e4stra delen av landet. Staden \u00e4r k\u00e4nd f\u00f6r sin rika historia, vackra arkitektur och livliga kultur. Staden \u00e4r hem f\u00f6r m\u00e5nga museer, inklusive det v\u00e4rldsber\u00f6mda Rijksmuseum och Van Gogh-museet, samt pittoreska kanaler, charmiga gator och pittoreska ... <a href=\"https:\/\/amsterdam-stag-do.com\/sv\/om-amsterdam\/\">Forts\u00e4ttning<\/a><\/p>","protected":false},"author":38,"featured_media":270,"parent":0,"menu_order":0,"comment_status":"closed","ping_status":"closed","template":"","meta":{"_acf_changed":false,"footnotes":""},"class_list":["post-44","page","type-page","status-publish","has-post-thumbnail","hentry"],"acf":{"page_subheading":"Most famous for legal prostitution and cannabis coffee shops in party circles, Amsterdam is a paradise for any stag do due to its unique blend of attractions."},"_links":{"self":[{"href":"https:\/\/amsterdam-stag-do.com\/sv\/wp-json\/wp\/v2\/pages\/44","targetHints":{"allow":["GET"]}}],"collection":[{"href":"https:\/\/amsterdam-stag-do.com\/sv\/wp-json\/wp\/v2\/pages"}],"about":[{"href":"https:\/\/amsterdam-stag-do.com\/sv\/wp-json\/wp\/v2\/types\/page"}],"author":[{"embeddable":true,"href":"https:\/\/amsterdam-stag-do.com\/sv\/wp-json\/wp\/v2\/users\/38"}],"replies":[{"embeddable":true,"href":"https:\/\/amsterdam-stag-do.com\/sv\/wp-json\/wp\/v2\/comments?post=44"}],"version-history":[{"count":4,"href":"https:\/\/amsterdam-stag-do.com\/sv\/wp-json\/wp\/v2\/pages\/44\/revisions"}],"predecessor-version":[{"id":428,"href":"https:\/\/amsterdam-stag-do.com\/sv\/wp-json\/wp\/v2\/pages\/44\/revisions\/428"}],"wp:featuredmedia":[{"embeddable":true,"href":"https:\/\/amsterdam-stag-do.com\/sv\/wp-json\/wp\/v2\/media\/270"}],"wp:attachment":[{"href":"https:\/\/amsterdam-stag-do.com\/sv\/wp-json\/wp\/v2\/media?parent=44"}],"curies":[{"name":"wp","href":"https:\/\/api.w.org\/{rel}","templated":true}]}}