{"id":50,"date":"2022-12-28T12:14:59","date_gmt":"2022-12-28T12:14:59","guid":{"rendered":"https:\/\/amsterdam-stag-do.com\/?page_id=50"},"modified":"2023-01-04T11:00:20","modified_gmt":"2023-01-04T11:00:20","slug":"hur-man-tar-sig-till-amsterdam","status":"publish","type":"page","link":"https:\/\/amsterdam-stag-do.com\/sv\/hur-man-tar-sig-till-amsterdam\/","title":{"rendered":"Hur man tar sig till Amsterdam"},"content":{"rendered":"<p>Amsterdam, Nederl\u00e4ndernas huvudstad, \u00e4r en <strong>popul\u00e4rt resm\u00e5l f\u00f6r turister<\/strong> fr\u00e5n hela v\u00e4rlden. Amsterdam ligger i v\u00e4stra delen av landet och \u00e4r l\u00e4tt att n\u00e5 med olika transportmedel. Om du planerar en svensexa i Amsterdam finns h\u00e4r n\u00e5gra alternativ f\u00f6r att ta sig dit:<\/p>\n\n\n\n<h2 class=\"wp-block-heading\">Flygplan<\/h2>\n\n\n\n<p>Amsterdam betj\u00e4nas av <strong>Flygplats Schiphol<\/strong>, en av de mest trafikerade flygplatserna i Europa. Flygplatsen ligger bara en kort bit fr\u00e5n stadens centrum, och det finns ett antal alternativ f\u00f6r att ta sig in till staden fr\u00e5n flygplatsen. Du kan ta t\u00e5get, som tar dig till stadens centrum p\u00e5 bara 15-20 minuter. Alternativt kan du ta en buss eller taxi, som ocks\u00e5 tar dig till centrum p\u00e5 ungef\u00e4r samma tid.<\/p>\n\n\n\n<h2 class=\"wp-block-heading\">T\u00e5g<\/h2>\n\n\n\n<p>Amsterdam har ocks\u00e5 goda t\u00e5gf\u00f6rbindelser till andra delar av Europa. Om du kommer fr\u00e5n en annan europeisk stad kan du enkelt ta t\u00e5get till Amsterdam. Staden har tv\u00e5 stora t\u00e5gstationer: <strong>Amsterdam Central<\/strong> och <strong>Amsterdam South<\/strong>. B\u00e5da stationerna ligger i stadens centrum och \u00e4r l\u00e4tta att n\u00e5 till fots eller med kollektivtrafiken.<\/p>\n\n\n\n<h2 class=\"wp-block-heading\">Buss<\/h2>\n\n\n\n<p>Ett annat alternativ \u00e4r att ta bussen. Det finns flera bussbolag som erbjuder regelbunden trafik till Amsterdam fr\u00e5n olika st\u00e4der i Europa. Det kan vara ett mer budgetv\u00e4nligt alternativ \u00e4n att flyga eller ta t\u00e5get. N\u00e4r du reser med buss kommer du vanligtvis att anl\u00e4nda till <strong>Amsterdam Sloterdijk<\/strong> stationen, som ligger strax utanf\u00f6r stadens centrum och \u00e4r l\u00e4tt att n\u00e5 med kollektivtrafiken.<\/p>\n\n\n\n<h2 class=\"wp-block-heading\">Bil<\/h2>\n\n\n\n<p>Om du \u00e5ker till Amsterdam kan du enkelt ta dig till staden med bil. Amsterdam \u00e4r ansluten till resten av Nederl\u00e4nderna med en <strong>n\u00e4tverk av motorv\u00e4gar<\/strong>Det finns flera parkeringshus i centrum d\u00e4r du kan parkera din bil. T\u00e4nk p\u00e5 att trafiken i Amsterdam kan vara tung, s\u00e4rskilt under rusningstid, s\u00e5 det kan vara b\u00e4st att undvika att k\u00f6ra under dessa tider.<\/p>\n\n\n\n<h2 class=\"wp-block-heading\">Reser du till Amsterdam f\u00f6r en svensexa?<\/h2>\n\n\n\n<p>Oavsett hur du v\u00e4ljer att ta dig till Amsterdam kommer du att uppt\u00e4cka att staden \u00e4r <strong>l\u00e4tt att navigera<\/strong> och har mycket att erbjuda. Staden har goda f\u00f6rbindelser och ett v\u00e4lorganiserat kollektivtrafiksystem.<\/p>\n\n\n\n<p>P\u00e5 <a href=\"https:\/\/amsterdam-stag-do.com\/sv\/\">Amsterdam Stag Do<\/a>Vi ger dig all n\u00f6dv\u00e4ndig information om hur du tar dig till Amsterdam f\u00f6r en helg med svensexor.<\/p>","protected":false},"excerpt":{"rendered":"<p>Amsterdam, Nederl\u00e4ndernas huvudstad, \u00e4r ett popul\u00e4rt resm\u00e5l f\u00f6r turister fr\u00e5n hela v\u00e4rlden. Amsterdam ligger i den v\u00e4stra delen av landet och \u00e4r l\u00e4tt att n\u00e5 med olika transportmedel. Om du planerar en svensexa i Amsterdam finns det n\u00e5gra alternativ f\u00f6r att ta dig dit: Flyg Amsterdam \u00e4r ... <a href=\"https:\/\/amsterdam-stag-do.com\/sv\/hur-man-tar-sig-till-amsterdam\/\">Forts\u00e4ttning<\/a><\/p>","protected":false},"author":38,"featured_media":155,"parent":0,"menu_order":0,"comment_status":"closed","ping_status":"closed","template":"","meta":{"_acf_changed":false,"footnotes":""},"class_list":["post-50","page","type-page","status-publish","has-post-thumbnail","hentry"],"acf":{"page_subheading":"Here is a quick overview of the most convenient ways to get to Amsterdam with different means of transportation \u2014 by plane, train, bus, or car."},"_links":{"self":[{"href":"https:\/\/amsterdam-stag-do.com\/sv\/wp-json\/wp\/v2\/pages\/50","targetHints":{"allow":["GET"]}}],"collection":[{"href":"https:\/\/amsterdam-stag-do.com\/sv\/wp-json\/wp\/v2\/pages"}],"about":[{"href":"https:\/\/amsterdam-stag-do.com\/sv\/wp-json\/wp\/v2\/types\/page"}],"author":[{"embeddable":true,"href":"https:\/\/amsterdam-stag-do.com\/sv\/wp-json\/wp\/v2\/users\/38"}],"replies":[{"embeddable":true,"href":"https:\/\/amsterdam-stag-do.com\/sv\/wp-json\/wp\/v2\/comments?post=50"}],"version-history":[{"count":3,"href":"https:\/\/amsterdam-stag-do.com\/sv\/wp-json\/wp\/v2\/pages\/50\/revisions"}],"predecessor-version":[{"id":55,"href":"https:\/\/amsterdam-stag-do.com\/sv\/wp-json\/wp\/v2\/pages\/50\/revisions\/55"}],"wp:featuredmedia":[{"embeddable":true,"href":"https:\/\/amsterdam-stag-do.com\/sv\/wp-json\/wp\/v2\/media\/155"}],"wp:attachment":[{"href":"https:\/\/amsterdam-stag-do.com\/sv\/wp-json\/wp\/v2\/media?parent=50"}],"curies":[{"name":"wp","href":"https:\/\/api.w.org\/{rel}","templated":true}]}}